{"id":393,"date":"2024-07-10T04:34:05","date_gmt":"2024-07-10T04:34:05","guid":{"rendered":"https:\/\/staging.badv-host.com\/rj\/a-propos-de\/"},"modified":"2024-10-23T08:23:17","modified_gmt":"2024-10-23T08:23:17","slug":"a-propos","status":"publish","type":"page","link":"https:\/\/www.recoveryjourney.com.au\/fr\/a-propos\/","title":{"rendered":"\u00c0 Propos"},"content":{"rendered":"<div class=\"wpb-content-wrapper\"><p>[vc_row full_width=&#8221;stretch_row&#8221; bg_type=&#8221;image&#8221; parallax_style=&#8221;vcpb-default&#8221; bg_image_new=&#8221;id^91|url^https:\/\/www.recoveryjourney.com.au\/wp-content\/uploads\/2024\/07\/beach2.jpg|caption^Blur beautiful nature green palm leaf on tropical beach with bokeh sun light wave abstract background.|alt^null|title^Blur,Beautiful,Nature,Green,Palm,Leaf,On,Tropical,Beach,With|description^null&#8221; bg_img_attach=&#8221;fixed&#8221; enable_overlay=&#8221;enable_overlay_value&#8221; overlay_color=&#8221;#8667a5&#8243; el_class=&#8221;whitetext regular-big frontpage-toprow interior-toprow&#8221;][vc_column width=&#8221;2\/3&#8243;][vc_column_text css=&#8221;&#8221;]<\/p>\n<h1>Mon Histoire.<\/h1>\n<p>[\/vc_column_text][\/vc_column][vc_column width=&#8221;1\/3&#8243;][\/vc_column][\/vc_row][vc_row el_class=&#8221;blacktext regular-big frontpage-aboutrow padding-row interior-row&#8221;][vc_column width=&#8221;1\/6&#8243;][\/vc_column][vc_column width=&#8221;2\/3&#8243;][vc_column_text css_animation=&#8221;fadeIn&#8221; css=&#8221;&#8221;]<\/p>\n<h3>Bonjour et bienvenue sur mon site francais, j&#8217;ai pense que ce petit appercu de mon chemin jusqu&#8217;a ce jour pourrait vous permettre de comprendre le mode de pensee qui anime tout ce que j&#8217;offre sur ce site, ici en Australie ou en France par zoom ou outil similaire. Voici donc mon chemin.<\/h3>\n<p>Je suis n\u00e9e \u00e0 l\u2019aube des ann\u00e9es 60, une d\u00e9cennie de r\u00e9bellion, j\u2019ai grandi et \u00e9tudi\u00e9 en France.<\/p>\n<p>Plus pr\u00e9cis\u00e9ment, j&#8217;ai grandi \u00e0 Strasbourg, si\u00e8ge du Conseil de l&#8217;Europe et de la Cour europ\u00e9enne des droits de l&#8217;homme, entre autres. Ma famille \u00e9tait \u00e9galement tr\u00e8s internationale, avec des racines partout en Europe. Cet environnement immersif a fa\u00e7onn\u00e9 mon esprit, m&#8217;ouvrant \u00e0 la flexibilit\u00e9 et \u00e0 la curiosit\u00e9 envers tout ce qui touche aux personnes, aux cultures, \u00e0 la justice, \u00e0 la libert\u00e9, \u00e0 la philosophie et \u00e0 la mani\u00e8re dont, malgr\u00e9 tant de diff\u00e9rences, nous sommes en r\u00e9alit\u00e9 profond\u00e9ment similaires dans notre humanit\u00e9.<\/p>\n<p>Il n&#8217;est donc pas surprenant que ce soient les domaines que j&#8217;ai choisis pour mes \u00e9tudes apres mon Baccalaureat. \u00c0 25 ans, j&#8217;ai \u00e9migr\u00e9 en Australie. J&#8217;avais deux jeunes gar\u00e7ons et j&#8217;\u00e9tais attir\u00e9e par de nouvelles fa\u00e7ons de penser et un mode de vie radicalement diff\u00e9rent.<\/p>\n<p>[\/vc_column_text][\/vc_column][\/vc_row][vc_row full_width=&#8221;stretch_row&#8221; equal_height=&#8221;yes&#8221; css_animation=&#8221;fadeIn&#8221; bg_type=&#8221;bg_color&#8221; el_class=&#8221;frontpage-service-row regular-big stretch-row-no-pad interior-row blacktext&#8221; bg_color_value=&#8221;rgba(134,101,166,0.1)&#8221;][vc_column width=&#8221;1\/2&#8243;][vc_column_text css_animation=&#8221;fadeIn&#8221; css=&#8221;&#8221;]<\/p>\n<h3>Ce choix et les conditions entourant notre arriv\u00e9e en Australie ont profond\u00e9ment influenc\u00e9 ma vie de jeune femme.<\/h3>\n<p>Tout ce qui pouvait mal tourner s&#8217;est effectivement mal pass\u00e9. S&#8217;installer est devenu un d\u00e9fi d&#8217;une ampleur \u00e9pique. Mon estime de moi-m\u00eame et ma confiance ont \u00e9t\u00e9 s\u00e9v\u00e8rement \u00e9branl\u00e9es. J&#8217;ai atteint un point de d\u00e9cision : retourner en France aupr\u00e8s de ma famille ou affronter tout ce que la vie me lan\u00e7ait. J&#8217;ai choisi d&#8217;adopter l&#8217;\u00e9tat d&#8217;esprit que &#8220;ici et maintenant, tout est aussi parfait que cela peut l&#8217;\u00eatre&#8221; et j&#8217;ai recommenc\u00e9 \u00e0 z\u00e9ro. Ce fut le d\u00e9but d&#8217;un voyage de d\u00e9veloppement personnel qui allait durer toute ma vie.<\/p>\n<p>Une fois que j&#8217;ai eu une vision claire, la vie a r\u00e9pondu : peu apr\u00e8s cette \u00e9piphanie, j&#8217;ai int\u00e9gr\u00e9 le monde de l&#8217;entreprise. Chaque r\u00f4le m\u2019a permis de m\u2019adapter, d\u2019apprendre et de me d\u00e9velopper en utilisant toutes les strat\u00e9gies que je trouvais efficaces.<\/p>\n<p>Partant de postes administratifs, j&#8217;ai gravi les \u00e9chelons jusqu&#8217;\u00e0 occuper des postes plus en phase avec ma personnalit\u00e9 et mes talents. Au cours de 20 ans, j&#8217;ai assum\u00e9 des responsabilit\u00e9s en tant qu&#8217;analyste de cr\u00e9dit, puis en tant qu\u2019agent de recherche et d\u00e9veloppement dans le secteur bancaire, dans le recrutement de cadres et le &#8220;headhunting&#8221; dans le milieu des affaires et de la finance \u00e0 Sydney, ainsi que dans le marketing, la gestion d\u2019\u00e9v\u00e9nements et la formation en leadership. Deux d\u00e9cennies dans le monde de l\u2019entreprise tout en \u00e9levant une famille de quatre enfants ont finalement eu raison de moi : rupture de relations, divorce, maladie et d\u00e9pression clinique.[\/vc_column_text][\/vc_column][vc_column width=&#8221;1\/2&#8243; el_class=&#8221;sweep-right&#8221; css=&#8221;.vc_custom_1720587252792{background-image: url(https:\/\/www.recoveryjourney.com.au\/wp-content\/uploads\/2024\/07\/0112e0_cfcaf660f07143c2890e203d105f78c7mv2.webp?id=194) !important;background-position: center !important;background-repeat: no-repeat !important;background-size: cover !important;}&#8221;][\/vc_column][\/vc_row][vc_row el_class=&#8221;blacktext regular-big frontpage-aboutrow padding-row interior-row&#8221;][vc_column width=&#8221;1\/6&#8243;][\/vc_column][vc_column width=&#8221;2\/3&#8243;][vc_column_text css_animation=&#8221;fadeIn&#8221; css=&#8221;&#8221;]<\/p>\n<h3>Pour la deuxi\u00e8me fois, je me suis retrouv\u00e9e \u00e0 un carrefour. Une voix int\u00e9rieure me disait que je trahissais les g\u00e9n\u00e9rations qui m&#8217;ont pr\u00e9c\u00e9d\u00e9e, mes grands-parents, arri\u00e8re-grands-parents et anc\u00eatres.<\/h3>\n<p>Ils \u00e9taient des combattants, des r\u00e9sistants et des survivants (sinon je ne serais pas ici aujourd&#8217;hui en train d&#8217;\u00e9crire ces mots). Ils \u00e9taient \u00e9galement des artistes et des r\u00eaveurs. Ils croyaient en la vie et en un avenir meilleur, et trouvaient la bont\u00e9 autour d\u2019eux malgr\u00e9 l&#8217;obscurit\u00e9 qu\u2019ils avaient travers\u00e9e.<\/p>\n<p>D&#8217;une certaine mani\u00e8re, je les sentais me tapoter l&#8217;\u00e9paule, me rappelant que je devais faire quelque chose si je ne voulais pas finir sous antid\u00e9presseurs et autres m\u00e9dicaments pour le reste de ma vie. J&#8217;ai pris un risque et j&#8217;ai lanc\u00e9 une entreprise \u00e0 domicile dans le domaine du d\u00e9veloppement personnel. J&#8217;ai choisi une voie peu emprunt\u00e9e, en me concentrant sur des strat\u00e9gies et des id\u00e9es moins connues issues des d\u00e9couvertes en neurosciences, en physique quantique et en biologie, qui demandaient de revisiter les anciens concepts d&#8217;aide personnelle ou de croissance personnelle avec un regard neuf. Aujourd&#8217;hui, ces id\u00e9es sont \u00ab grand public \u00bb dans le secteur du potentiel humain.<\/p>\n<p>En conclusion de tout cela, je dirais ceci:<\/p>\n<p>En trois d\u00e9cennies, j&#8217;ai acquis un immense savoir et de l&#8217;exp\u00e9rience. J&#8217;ai appris \u00e0 ma\u00eetriser les montagnes russes du monde de l&#8217;entreprise, puis de l&#8217;entrepreneuriat : essais et erreurs, hauts et bas. On dit souvent que ce qui ne nous tue pas nous rend plus forts. En chemin, j&#8217;ai appris qu&#8217;avec le bon soutien et les strat\u00e9gies internes pour acc\u00e9der \u00e0 un \u00e9tat d&#8217;esprit plus riche en ressources, nous pouvons tous \u00eatre lib\u00e9r\u00e9s de nos maux, transformer nos niveaux d&#8217;\u00e9nergie, retrouver notre vitalit\u00e9 ou, \u00e0 tout le moins, adapter nos r\u00e9ponses \u00e0 ce que la vie nous envoie. Ce sont ces strat\u00e9gies que je pratique, enseigne et partage aujourd&#8217;hui.<\/p>\n<ul>\n<li>En tant que consultante ind\u00e9pendante aux multiples casquettes, je propose des services allant du coaching transformationnel et \u00e9volutif \u00e0 la gestion du stress et de la fatigue, en passant par le bien-\u00eatre au travail.<\/li>\n<li>En tant que coach, conf\u00e9renci\u00e8re et facilitatrice d&#8217;ateliers, je con\u00e7ois et anime des formations \u00ab hors des sentiers battus \u00bb pour des clients align\u00e9s sur une vision du monde plus durable.<\/li>\n<li>En tant qu\u2019hypnoth\u00e9rapeute et praticienne PNL, j&#8217;aide les gens \u00e0 se connecter \u00e0 leurs ressources int\u00e9rieures pour vivre une vie plus heureuse, \u00e9panouissante et paisible.<\/li>\n<li>En tant que praticienne en bien-\u00eatre, j&#8217;aide les hommes et les femmes (et parfois les enfants) \u00e0 surmonter la fatigue et \u00e0 optimiser leur niveau d&#8217;\u00e9nergie.<\/li>\n<\/ul>\n<p>Mes clients et moi partageons souvent un savoir int\u00e9rieur : si une personne ou une entreprise peut faire la diff\u00e9rence, alors ensemble, nous pouvons influencer la mani\u00e8re dont l\u2019avenir se d\u00e9roulera. Compte tenu du chaos accablant auquel nous assistons aujourd\u2019hui, vouloir \u00ab changer le monde \u00bb pourrait bien \u00eatre le souhait le plus pragmatique et r\u00e9aliste auquel on puisse s\u2019engager !<br \/>\n[\/vc_column_text][\/vc_column][\/vc_row][vc_row full_width=&#8221;stretch_row&#8221; gap=&#8221;25&#8243; content_placement=&#8221;middle&#8221; bg_type=&#8221;image&#8221; parallax_style=&#8221;vcpb-default&#8221; bg_image_new=&#8221;id^90|url^https:\/\/www.recoveryjourney.com.au\/wp-content\/uploads\/2024\/07\/beach1.jpg|caption^A tropical beach in North Queensland, Australia|alt^null|title^A,Tropical,Beach,In,North,Queensland,,Australia|description^null&#8221; bg_img_attach=&#8221;fixed&#8221; enable_overlay=&#8221;enable_overlay_value&#8221; overlay_color=&#8221;#000000&#8243; el_class=&#8221;whitetext regular-big frontpage-toprow interior-bottomrow padding-row interior-row&#8221;][vc_column width=&#8221;1\/2&#8243;][vc_column_text css_animation=&#8221;fadeIn&#8221; css=&#8221;&#8221;]<\/p>\n<h3>Mes clients et moi partageons souvent un savoir int\u00e9rieur : si une personne ou une entreprise peut faire la diff\u00e9rence, alors ensemble, nous pouvons influencer la mani\u00e8re dont l\u2019avenir se d\u00e9roulera. Compte tenu du chaos accablant auquel nous assistons aujourd\u2019hui, vouloir \u00ab changer le monde \u00bb pourrait bien \u00eatre le souhait le plus pragmatique et r\u00e9aliste auquel on puisse s\u2019engager!<\/h3>\n<p>J&#8217;ai coach\u00e9, mentor\u00e9 et travaill\u00e9 avec des personnes de tous horizons, des PDG aux entrepreneurs travaillant \u00e0 domicile, en passant par ceux qui sont bien moins privil\u00e9gi\u00e9s. Dire que j&#8217;aime le processus de coaching serait un euph\u00e9misme.<\/p>\n<p>J&#8217;adore assister aux moments d&#8217;illumination lorsque quelqu&#8217;un se connecte aux ressources de son esprit et se d\u00e9bloque de fa\u00e7ons qu&#8217;il n&#8217;aurait jamais imagin\u00e9es auparavant.<\/p>\n<p>Si vous vous trouvez \u00e0 un carrefour dans votre vie et que vous sentez qu&#8217;il est temps de changer les choses dans votre vie, votre sant\u00e9, votre entreprise ou vos relations, consid\u00e9rez que vous n&#8217;avez pas \u00e0 tout faire seul. Aucun d&#8217;entre nous n&#8217;est une \u00eele vivant dans l&#8217;isolement.<\/p>\n<p>Je serais honor\u00e9e et profond\u00e9ment touch\u00e9e de pouvoir \u00eatre votre guide dans ce voyage.[\/vc_column_text][\/vc_column][vc_column width=&#8221;1\/2&#8243;][vc_column_text css_animation=&#8221;fadeIn&#8221; css=&#8221;&#8221; el_class=&#8221;breakout-box&#8221;]N&#8217;h\u00e9sitez pas \u00e0 me contacter si vous souhaitez explorer comment nous pourrions naviguer ensemble sur ce chemin, vous aider \u00e0 faire na\u00eetre une nouvelle version de vous-m\u00eame et vous permettre de vous \u00e9panouir.<\/p>\n<p><a class=\"getintouchcta\">Prendre RDV<\/a>[\/vc_column_text][\/vc_column][\/vc_row]<\/p>\n<\/div>","protected":false},"excerpt":{"rendered":"<p>[vc_row full_width=&#8221;stretch_row&#8221; bg_type=&#8221;image&#8221; parallax_style=&#8221;vcpb-default&#8221; bg_image_new=&#8221;id^91|url^https:\/\/www.recoveryjourney.com.au\/wp-content\/uploads\/2024\/07\/beach2.jpg|caption^Blur beautiful nature green palm leaf on tropical beach with bokeh sun light wave abstract background.|alt^null|title^Blur,Beautiful,Nature,Green,Palm,Leaf,On,Tropical,Beach,With|description^null&#8221; bg_img_attach=&#8221;fixed&#8221; enable_overlay=&#8221;enable_overlay_value&#8221; overlay_color=&#8221;#8667a5&#8243; el_class=&#8221;whitetext regular-big frontpage-toprow interior-toprow&#8221;][vc_column width=&#8221;2\/3&#8243;][vc_column_text css=&#8221;&#8221;] Mon&#8230;<\/p>\n","protected":false},"author":1,"featured_media":0,"parent":0,"menu_order":0,"comment_status":"closed","ping_status":"closed","template":"","meta":{"inline_featured_image":false,"footnotes":""},"class_list":["post-393","page","type-page","status-publish","hentry"],"yoast_head":"<!-- This site is optimized with the Yoast SEO plugin v26.9 - https:\/\/yoast.com\/product\/yoast-seo-wordpress\/ -->\n<title>\u00c0 Propos - Isabelle Sennery Transformational Coaching<\/title>\n<meta name=\"robots\" content=\"index, follow, max-snippet:-1, max-image-preview:large, max-video-preview:-1\" \/>\n<link rel=\"canonical\" href=\"https:\/\/www.recoveryjourney.com.au\/fr\/a-propos\/\" \/>\n<meta property=\"og:locale\" content=\"fr_FR\" \/>\n<meta property=\"og:type\" content=\"article\" \/>\n<meta property=\"og:title\" content=\"\u00c0 Propos - Isabelle Sennery Transformational Coaching\" \/>\n<meta property=\"og:description\" content=\"[vc_row full_width=&#8221;stretch_row&#8221; bg_type=&#8221;image&#8221; parallax_style=&#8221;vcpb-default&#8221; bg_image_new=&#8221;id^91|url^https:\/\/www.recoveryjourney.com.au\/wp-content\/uploads\/2024\/07\/beach2.jpg|caption^Blur beautiful nature green palm leaf on tropical beach with bokeh sun light wave abstract background.|alt^null|title^Blur,Beautiful,Nature,Green,Palm,Leaf,On,Tropical,Beach,With|description^null&#8221; bg_img_attach=&#8221;fixed&#8221; enable_overlay=&#8221;enable_overlay_value&#8221; overlay_color=&#8221;#8667a5&#8243; el_class=&#8221;whitetext regular-big frontpage-toprow interior-toprow&#8221;][vc_column width=&#8221;2\/3&#8243;][vc_column_text css=&#8221;&#8221;] Mon...\" \/>\n<meta property=\"og:url\" content=\"https:\/\/www.recoveryjourney.com.au\/fr\/a-propos\/\" \/>\n<meta property=\"og:site_name\" content=\"Isabelle Sennery Transformational Coaching\" \/>\n<meta property=\"article:modified_time\" content=\"2024-10-23T08:23:17+00:00\" \/>\n<meta name=\"twitter:card\" content=\"summary_large_image\" \/>\n<meta name=\"twitter:label1\" content=\"Dur\u00e9e de lecture estim\u00e9e\" \/>\n\t<meta name=\"twitter:data1\" content=\"6 minutes\" \/>\n<script type=\"application\/ld+json\" class=\"yoast-schema-graph\">{\"@context\":\"https:\/\/schema.org\",\"@graph\":[{\"@type\":\"WebPage\",\"@id\":\"https:\/\/www.recoveryjourney.com.au\/fr\/a-propos\/\",\"url\":\"https:\/\/www.recoveryjourney.com.au\/fr\/a-propos\/\",\"name\":\"\u00c0 Propos - Isabelle Sennery Transformational Coaching\",\"isPartOf\":{\"@id\":\"https:\/\/www.recoveryjourney.com.au\/fr\/#website\"},\"datePublished\":\"2024-07-10T04:34:05+00:00\",\"dateModified\":\"2024-10-23T08:23:17+00:00\",\"breadcrumb\":{\"@id\":\"https:\/\/www.recoveryjourney.com.au\/fr\/a-propos\/#breadcrumb\"},\"inLanguage\":\"fr-FR\",\"potentialAction\":[{\"@type\":\"ReadAction\",\"target\":[\"https:\/\/www.recoveryjourney.com.au\/fr\/a-propos\/\"]}]},{\"@type\":\"BreadcrumbList\",\"@id\":\"https:\/\/www.recoveryjourney.com.au\/fr\/a-propos\/#breadcrumb\",\"itemListElement\":[{\"@type\":\"ListItem\",\"position\":1,\"name\":\"Home\",\"item\":\"https:\/\/www.recoveryjourney.com.au\/fr\/\"},{\"@type\":\"ListItem\",\"position\":2,\"name\":\"\u00c0 Propos\"}]},{\"@type\":\"WebSite\",\"@id\":\"https:\/\/www.recoveryjourney.com.au\/fr\/#website\",\"url\":\"https:\/\/www.recoveryjourney.com.au\/fr\/\",\"name\":\"Recovery Journey\",\"description\":\"\",\"publisher\":{\"@id\":\"https:\/\/www.recoveryjourney.com.au\/fr\/#organization\"},\"potentialAction\":[{\"@type\":\"SearchAction\",\"target\":{\"@type\":\"EntryPoint\",\"urlTemplate\":\"https:\/\/www.recoveryjourney.com.au\/fr\/?s={search_term_string}\"},\"query-input\":{\"@type\":\"PropertyValueSpecification\",\"valueRequired\":true,\"valueName\":\"search_term_string\"}}],\"inLanguage\":\"fr-FR\"},{\"@type\":\"Organization\",\"@id\":\"https:\/\/www.recoveryjourney.com.au\/fr\/#organization\",\"name\":\"Recovery Journey\",\"url\":\"https:\/\/www.recoveryjourney.com.au\/fr\/\",\"logo\":{\"@type\":\"ImageObject\",\"inLanguage\":\"fr-FR\",\"@id\":\"https:\/\/www.recoveryjourney.com.au\/fr\/#\/schema\/logo\/image\/\",\"url\":\"https:\/\/www.recoveryjourney.com.au\/wp-content\/uploads\/2024\/07\/isabelle_sennery_700.png\",\"contentUrl\":\"https:\/\/www.recoveryjourney.com.au\/wp-content\/uploads\/2024\/07\/isabelle_sennery_700.png\",\"width\":700,\"height\":103,\"caption\":\"Recovery Journey\"},\"image\":{\"@id\":\"https:\/\/www.recoveryjourney.com.au\/fr\/#\/schema\/logo\/image\/\"}}]}<\/script>\n<!-- \/ Yoast SEO plugin. -->","yoast_head_json":{"title":"\u00c0 Propos - Isabelle Sennery Transformational Coaching","robots":{"index":"index","follow":"follow","max-snippet":"max-snippet:-1","max-image-preview":"max-image-preview:large","max-video-preview":"max-video-preview:-1"},"canonical":"https:\/\/www.recoveryjourney.com.au\/fr\/a-propos\/","og_locale":"fr_FR","og_type":"article","og_title":"\u00c0 Propos - Isabelle Sennery Transformational Coaching","og_description":"[vc_row full_width=&#8221;stretch_row&#8221; bg_type=&#8221;image&#8221; parallax_style=&#8221;vcpb-default&#8221; bg_image_new=&#8221;id^91|url^https:\/\/www.recoveryjourney.com.au\/wp-content\/uploads\/2024\/07\/beach2.jpg|caption^Blur beautiful nature green palm leaf on tropical beach with bokeh sun light wave abstract background.|alt^null|title^Blur,Beautiful,Nature,Green,Palm,Leaf,On,Tropical,Beach,With|description^null&#8221; bg_img_attach=&#8221;fixed&#8221; enable_overlay=&#8221;enable_overlay_value&#8221; overlay_color=&#8221;#8667a5&#8243; el_class=&#8221;whitetext regular-big frontpage-toprow interior-toprow&#8221;][vc_column width=&#8221;2\/3&#8243;][vc_column_text css=&#8221;&#8221;] Mon...","og_url":"https:\/\/www.recoveryjourney.com.au\/fr\/a-propos\/","og_site_name":"Isabelle Sennery Transformational Coaching","article_modified_time":"2024-10-23T08:23:17+00:00","twitter_card":"summary_large_image","twitter_misc":{"Dur\u00e9e de lecture estim\u00e9e":"6 minutes"},"schema":{"@context":"https:\/\/schema.org","@graph":[{"@type":"WebPage","@id":"https:\/\/www.recoveryjourney.com.au\/fr\/a-propos\/","url":"https:\/\/www.recoveryjourney.com.au\/fr\/a-propos\/","name":"\u00c0 Propos - Isabelle Sennery Transformational Coaching","isPartOf":{"@id":"https:\/\/www.recoveryjourney.com.au\/fr\/#website"},"datePublished":"2024-07-10T04:34:05+00:00","dateModified":"2024-10-23T08:23:17+00:00","breadcrumb":{"@id":"https:\/\/www.recoveryjourney.com.au\/fr\/a-propos\/#breadcrumb"},"inLanguage":"fr-FR","potentialAction":[{"@type":"ReadAction","target":["https:\/\/www.recoveryjourney.com.au\/fr\/a-propos\/"]}]},{"@type":"BreadcrumbList","@id":"https:\/\/www.recoveryjourney.com.au\/fr\/a-propos\/#breadcrumb","itemListElement":[{"@type":"ListItem","position":1,"name":"Home","item":"https:\/\/www.recoveryjourney.com.au\/fr\/"},{"@type":"ListItem","position":2,"name":"\u00c0 Propos"}]},{"@type":"WebSite","@id":"https:\/\/www.recoveryjourney.com.au\/fr\/#website","url":"https:\/\/www.recoveryjourney.com.au\/fr\/","name":"Recovery Journey","description":"","publisher":{"@id":"https:\/\/www.recoveryjourney.com.au\/fr\/#organization"},"potentialAction":[{"@type":"SearchAction","target":{"@type":"EntryPoint","urlTemplate":"https:\/\/www.recoveryjourney.com.au\/fr\/?s={search_term_string}"},"query-input":{"@type":"PropertyValueSpecification","valueRequired":true,"valueName":"search_term_string"}}],"inLanguage":"fr-FR"},{"@type":"Organization","@id":"https:\/\/www.recoveryjourney.com.au\/fr\/#organization","name":"Recovery Journey","url":"https:\/\/www.recoveryjourney.com.au\/fr\/","logo":{"@type":"ImageObject","inLanguage":"fr-FR","@id":"https:\/\/www.recoveryjourney.com.au\/fr\/#\/schema\/logo\/image\/","url":"https:\/\/www.recoveryjourney.com.au\/wp-content\/uploads\/2024\/07\/isabelle_sennery_700.png","contentUrl":"https:\/\/www.recoveryjourney.com.au\/wp-content\/uploads\/2024\/07\/isabelle_sennery_700.png","width":700,"height":103,"caption":"Recovery Journey"},"image":{"@id":"https:\/\/www.recoveryjourney.com.au\/fr\/#\/schema\/logo\/image\/"}}]}},"_links":{"self":[{"href":"https:\/\/www.recoveryjourney.com.au\/fr\/wp-json\/wp\/v2\/pages\/393","targetHints":{"allow":["GET"]}}],"collection":[{"href":"https:\/\/www.recoveryjourney.com.au\/fr\/wp-json\/wp\/v2\/pages"}],"about":[{"href":"https:\/\/www.recoveryjourney.com.au\/fr\/wp-json\/wp\/v2\/types\/page"}],"author":[{"embeddable":true,"href":"https:\/\/www.recoveryjourney.com.au\/fr\/wp-json\/wp\/v2\/users\/1"}],"replies":[{"embeddable":true,"href":"https:\/\/www.recoveryjourney.com.au\/fr\/wp-json\/wp\/v2\/comments?post=393"}],"version-history":[{"count":13,"href":"https:\/\/www.recoveryjourney.com.au\/fr\/wp-json\/wp\/v2\/pages\/393\/revisions"}],"predecessor-version":[{"id":491,"href":"https:\/\/www.recoveryjourney.com.au\/fr\/wp-json\/wp\/v2\/pages\/393\/revisions\/491"}],"wp:attachment":[{"href":"https:\/\/www.recoveryjourney.com.au\/fr\/wp-json\/wp\/v2\/media?parent=393"}],"curies":[{"name":"wp","href":"https:\/\/api.w.org\/{rel}","templated":true}]}}