{"id":407,"date":"2024-07-10T04:25:35","date_gmt":"2024-07-10T04:25:35","guid":{"rendered":"https:\/\/staging.badv-host.com\/rj\/?page_id=407"},"modified":"2024-10-23T08:22:50","modified_gmt":"2024-10-23T08:22:50","slug":"psychologie-dynamique-de-lalimentation","status":"publish","type":"page","link":"https:\/\/www.recoveryjourney.com.au\/fr\/psychologie-dynamique-de-lalimentation\/","title":{"rendered":"Psychologie Dynamique de l&#8217;Alimentation"},"content":{"rendered":"<div class=\"wpb-content-wrapper\"><p>[vc_row full_width=&#8221;stretch_row&#8221; bg_type=&#8221;image&#8221; parallax_style=&#8221;vcpb-default&#8221; bg_image_new=&#8221;id^91|url^https:\/\/www.recoveryjourney.com.au\/wp-content\/uploads\/2024\/07\/beach2.jpg|caption^Blur beautiful nature green palm leaf on tropical beach with bokeh sun light wave abstract background.|alt^null|title^Blur,Beautiful,Nature,Green,Palm,Leaf,On,Tropical,Beach,With|description^null&#8221; bg_img_attach=&#8221;fixed&#8221; enable_overlay=&#8221;enable_overlay_value&#8221; overlay_color=&#8221;#8667a5&#8243; el_class=&#8221;whitetext regular-big frontpage-toprow interior-toprow&#8221;][vc_column width=&#8221;2\/3&#8243;][vc_column_text css=&#8221;&#8221;]<\/p>\n<h1>Psychologie Dynamique de l&#8217;Alimentation<\/h1>\n<p>[\/vc_column_text][\/vc_column][vc_column width=&#8221;1\/3&#8243;][\/vc_column][\/vc_row][vc_row el_class=&#8221;blacktext regular-big frontpage-aboutrow padding-row interior-row&#8221;][vc_column width=&#8221;1\/6&#8243;][\/vc_column][vc_column width=&#8221;2\/3&#8243;][vc_column_text css_animation=&#8221;fadeIn&#8221; css=&#8221;&#8221;]<\/p>\n<h3>La nouriture est bien plus qu&#8217;une simple question de calories, de prot\u00e9ines, de glucides ou de graisses.<\/h3>\n<p>Ce que nous mangeons et la fa\u00e7on dont nous mangeons sont influenc\u00e9s par nos pens\u00e9es, nos \u00e9motions, nos croyances et nos histoires de vie. Notre relation avec la nourriture est profond\u00e9ment ancr\u00e9e dans notre exp\u00e9rience quotidienne, nos habitudes et notre perception de nous-m\u00eames.<\/p>\n<p><strong>Qu&#8217;est-ce que la Psychologie Dynamique de l&#8217;Alimentation?<\/strong><\/p>\n<p>La psychologie dynamique de l&#8217;alimentation est un nouveau domaine de pointe qui se concentre sur la relation en constante \u00e9volution que chacun d&#8217;entre nous entretient avec la nourriture . Cette approche affirme que notre relation avec la nourriture contient des le\u00e7ons importantes qui nous enseignent \u00e0 chacun nos chemins et nos habitudes si nous choisissons d&#8217;\u00e9couter.<\/p>\n<p>Elle se concentre sur les nombreux facteurs qui influencent nos comportements alimentaires, tels que le stress, les \u00e9motions, l&#8217;image de soi, les croyances, les habitudes, et m\u00eame nos relations.<\/p>\n<p>Au lieu de se limiter \u00e0 des r\u00e9gimes restrictifs ou des r\u00e8gles alimentaires strictes, cette approche nous invite \u00e0 regarder au-del\u00e0 de la simple nutrition. Elle nous pousse \u00e0 explorer nos motivations, nos sch\u00e9mas de pens\u00e9e, et nos \u00e9motions qui entourent nos choix alimentaires.[\/vc_column_text][\/vc_column][\/vc_row][vc_row full_width=&#8221;stretch_row&#8221; equal_height=&#8221;yes&#8221; css_animation=&#8221;fadeIn&#8221; bg_type=&#8221;bg_color&#8221; el_class=&#8221;frontpage-service-row regular-big stretch-row-no-pad interior-row blacktext&#8221; bg_color_value=&#8221;rgba(134,101,166,0.1)&#8221;][vc_column width=&#8221;1\/2&#8243;][vc_column_text css_animation=&#8221;fadeIn&#8221; css=&#8221;&#8221;]<\/p>\n<h3>Pourquoi cette approche est-elle importante?<\/h3>\n<p>Dans un monde o\u00f9 les r\u00e9gimes et les &#8220;r\u00e8gles alimentaires&#8221; dominent, il est facile de perdre de vue l&#8217;essence m\u00eame d&#8217;une relation saine avec la nourriture. Nous avons tendance \u00e0 nous juger, \u00e0 nous sentir coupables ou frustr\u00e9s lorsque nous ne suivons pas un plan alimentaire &#8220;parfait.&#8221;<\/p>\n<p>La Psychologie Dynamique de l&#8217;Alimentation nous encourage \u00e0 \u00eatre curieux et bienveillants envers nous-m\u00eames. Elle nous aide \u00e0 comprendre pourquoi nous mangeons d&#8217;une certaine fa\u00e7on et comment nos habitudes alimentaires sont li\u00e9es \u00e0 notre \u00e9tat d&#8217;esprit, notre histoire, et nos \u00e9motions. Ce processus nous offre des outils pour changer notre relation avec la nourriture et, par cons\u00e9quent, am\u00e9liorer notre bien-\u00eatre g\u00e9n\u00e9ral.[\/vc_column_text][\/vc_column][vc_column width=&#8221;1\/2&#8243; el_class=&#8221;sweep-right&#8221; css=&#8221;.vc_custom_1720666498243{background-image: url(https:\/\/www.recoveryjourney.com.au\/wp-content\/uploads\/2024\/07\/shutterstock_2375160763.jpg?id=233) !important;background-position: center !important;background-repeat: no-repeat !important;background-size: cover !important;}&#8221;][\/vc_column][\/vc_row][vc_row el_class=&#8221;blacktext regular-big frontpage-aboutrow padding-row interior-row&#8221;][vc_column width=&#8221;1\/6&#8243;][\/vc_column][vc_column width=&#8221;2\/3&#8243;][vc_column_text css_animation=&#8221;fadeIn&#8221; css=&#8221;&#8221;]<\/p>\n<h3>Un processus de d\u00e9couverte, de lib\u00e9ration, et d\u2019\u00e9volution.<\/h3>\n<p>En tant que praticienne certifi\u00e9e en Psychologie Dynamique de l&#8217;Alimentation, je vous offre un accompagnement bienveillant et respectueux de votre singularit\u00e9. Ensemble, nous explorerons les aspects de votre vie qui influencent vos habitudes alimentaires et trouverons des moyens positifs de les transformer de maniere positive et durable.<\/p>\n<p>Mon approche ne se limite pas \u00e0 ce que vous mangez, mais s&#8217;\u00e9tend \u00e0 la mani\u00e8re dont vous mangez, \u00e0 la compr\u00e9hension des \u00e9motions qui sous-tendent vos choix alimentaires, et \u00e0 la red\u00e9couverte du plaisir de vous nourrir. Il s\u2019agit d\u2019un processus de d\u00e9couverte, de lib\u00e9ration, et d\u2019\u00e9volution.[\/vc_column_text][\/vc_column][\/vc_row][vc_row full_width=&#8221;stretch_row&#8221; bg_type=&#8221;bg_color&#8221; el_class=&#8221;blacktext regular-big frontpage-aboutrow padding-row interior-row&#8221; bg_color_value=&#8221;#F9F9F9&#8243;][vc_column width=&#8221;1\/6&#8243;][\/vc_column][vc_column width=&#8221;2\/3&#8243;][vc_column_text css_animation=&#8221;fadeIn&#8221; css=&#8221;&#8221;]<\/p>\n<h3>\u00c0 quoi s\u2019attendre lors de nos sessions?<\/h3>\n<p>Lors de nos sessions, nous aborderons des sujets tels que:<\/p>\n<ul>\n<li>Les habitudes alimentaires et les \u00e9motions associ\u00e9es<\/li>\n<li>L&#8217;impact du stress et des pens\u00e9es sur la digestion et le m\u00e9tabolisme<\/li>\n<li>La relation entre l\u2019image corporelle et les comportements alimentaires<\/li>\n<li>Comment renouer avec le plaisir de manger sans culpabilit\u00e9<\/li>\n<\/ul>\n<p>Chaque session est un espace s\u00fbr pour explorer, sans jugement, votre relation avec la nourriture et avec vous-m\u00eame. Mon r\u00f4le est de vous guider, de vous soutenir et de vous offrir des outils concrets pour une transformation durable.[\/vc_column_text][\/vc_column][\/vc_row][vc_row full_width=&#8221;stretch_row&#8221; gap=&#8221;25&#8243; content_placement=&#8221;middle&#8221; bg_type=&#8221;image&#8221; parallax_style=&#8221;vcpb-default&#8221; bg_image_new=&#8221;id^90|url^https:\/\/www.recoveryjourney.com.au\/wp-content\/uploads\/2024\/07\/beach1.jpg|caption^A tropical beach in North Queensland, Australia|alt^null|title^A,Tropical,Beach,In,North,Queensland,,Australia|description^null&#8221; bg_img_attach=&#8221;fixed&#8221; enable_overlay=&#8221;enable_overlay_value&#8221; overlay_color=&#8221;#000000&#8243; el_class=&#8221;whitetext regular-big frontpage-toprow interior-bottomrow padding-row interior-row&#8221;][vc_column width=&#8221;1\/2&#8243;][vc_column_text css_animation=&#8221;fadeIn&#8221; css=&#8221;&#8221;]<\/p>\n<h3>Pr\u00eate \u00e0 entamer ce voyage?<\/h3>\n<p>Si vous en avez assez des r\u00e9gimes qui ne fonctionnent pas ou si vous cherchez \u00e0 comprendre et \u00e0 transformer votre relation avec la nourriture de fa\u00e7on profonde et durable, je suis l\u00e0 pour vous accompagner. Ensemble, nous travaillerons pour cr\u00e9er un \u00e9quilibre entre l&#8217;alimentation, l&#8217;esprit, et l&#8217;\u00e9motionnel, afin que vous puissiez vous \u00e9panouir pleinement.<br \/>\n[\/vc_column_text][\/vc_column][vc_column width=&#8221;1\/2&#8243;][vc_column_text css_animation=&#8221;fadeIn&#8221; css=&#8221;&#8221; el_class=&#8221;breakout-box&#8221;]Contactez-moi pour discuter de la fa\u00e7on dont la Psychologie Dynamique de l&#8217;Alimentation peut faire une diff\u00e9rence dans votre vie.<\/p>\n<p>Vivant en Australie et compte tenu des diff\u00e9rences de fuseaux horaires, je propose ces sessions en direct par visioconf\u00e9rence (Zoom ou autre outil), a des heures faciles \u00e0 int\u00e9grer dans votre emploi du temps.<\/p>\n<p><a class=\"getintouchcta\">Prendre RDV<\/a>[\/vc_column_text][\/vc_column][\/vc_row]<\/p>\n<\/div>","protected":false},"excerpt":{"rendered":"<p>[vc_row full_width=&#8221;stretch_row&#8221; bg_type=&#8221;image&#8221; parallax_style=&#8221;vcpb-default&#8221; bg_image_new=&#8221;id^91|url^https:\/\/www.recoveryjourney.com.au\/wp-content\/uploads\/2024\/07\/beach2.jpg|caption^Blur beautiful nature green palm leaf on tropical beach with bokeh sun light wave abstract background.|alt^null|title^Blur,Beautiful,Nature,Green,Palm,Leaf,On,Tropical,Beach,With|description^null&#8221; bg_img_attach=&#8221;fixed&#8221; enable_overlay=&#8221;enable_overlay_value&#8221; overlay_color=&#8221;#8667a5&#8243; el_class=&#8221;whitetext regular-big frontpage-toprow interior-toprow&#8221;][vc_column width=&#8221;2\/3&#8243;][vc_column_text css=&#8221;&#8221;] Psychologie&#8230;<\/p>\n","protected":false},"author":1,"featured_media":0,"parent":0,"menu_order":0,"comment_status":"closed","ping_status":"closed","template":"","meta":{"inline_featured_image":false,"footnotes":""},"class_list":["post-407","page","type-page","status-publish","hentry"],"yoast_head":"<!-- This site is optimized with the Yoast SEO plugin v26.9 - https:\/\/yoast.com\/product\/yoast-seo-wordpress\/ -->\n<title>Psychologie Dynamique de l&#039;Alimentation - Isabelle Sennery Transformational Coaching<\/title>\n<meta name=\"robots\" content=\"index, follow, max-snippet:-1, max-image-preview:large, max-video-preview:-1\" \/>\n<link rel=\"canonical\" href=\"https:\/\/www.recoveryjourney.com.au\/fr\/psychologie-dynamique-de-lalimentation\/\" \/>\n<meta property=\"og:locale\" content=\"fr_FR\" \/>\n<meta property=\"og:type\" content=\"article\" \/>\n<meta property=\"og:title\" content=\"Psychologie Dynamique de l&#039;Alimentation - Isabelle Sennery Transformational Coaching\" \/>\n<meta property=\"og:description\" content=\"[vc_row full_width=&#8221;stretch_row&#8221; bg_type=&#8221;image&#8221; parallax_style=&#8221;vcpb-default&#8221; bg_image_new=&#8221;id^91|url^https:\/\/www.recoveryjourney.com.au\/wp-content\/uploads\/2024\/07\/beach2.jpg|caption^Blur beautiful nature green palm leaf on tropical beach with bokeh sun light wave abstract background.|alt^null|title^Blur,Beautiful,Nature,Green,Palm,Leaf,On,Tropical,Beach,With|description^null&#8221; bg_img_attach=&#8221;fixed&#8221; enable_overlay=&#8221;enable_overlay_value&#8221; overlay_color=&#8221;#8667a5&#8243; el_class=&#8221;whitetext regular-big frontpage-toprow interior-toprow&#8221;][vc_column width=&#8221;2\/3&#8243;][vc_column_text css=&#8221;&#8221;] Psychologie...\" \/>\n<meta property=\"og:url\" content=\"https:\/\/www.recoveryjourney.com.au\/fr\/psychologie-dynamique-de-lalimentation\/\" \/>\n<meta property=\"og:site_name\" content=\"Isabelle Sennery Transformational Coaching\" \/>\n<meta property=\"article:modified_time\" content=\"2024-10-23T08:22:50+00:00\" \/>\n<meta name=\"twitter:card\" content=\"summary_large_image\" \/>\n<meta name=\"twitter:label1\" content=\"Dur\u00e9e de lecture estim\u00e9e\" \/>\n\t<meta name=\"twitter:data1\" content=\"4 minutes\" \/>\n<script type=\"application\/ld+json\" class=\"yoast-schema-graph\">{\"@context\":\"https:\/\/schema.org\",\"@graph\":[{\"@type\":\"WebPage\",\"@id\":\"https:\/\/www.recoveryjourney.com.au\/fr\/psychologie-dynamique-de-lalimentation\/\",\"url\":\"https:\/\/www.recoveryjourney.com.au\/fr\/psychologie-dynamique-de-lalimentation\/\",\"name\":\"Psychologie Dynamique de l'Alimentation - Isabelle Sennery Transformational Coaching\",\"isPartOf\":{\"@id\":\"https:\/\/www.recoveryjourney.com.au\/fr\/#website\"},\"datePublished\":\"2024-07-10T04:25:35+00:00\",\"dateModified\":\"2024-10-23T08:22:50+00:00\",\"breadcrumb\":{\"@id\":\"https:\/\/www.recoveryjourney.com.au\/fr\/psychologie-dynamique-de-lalimentation\/#breadcrumb\"},\"inLanguage\":\"fr-FR\",\"potentialAction\":[{\"@type\":\"ReadAction\",\"target\":[\"https:\/\/www.recoveryjourney.com.au\/fr\/psychologie-dynamique-de-lalimentation\/\"]}]},{\"@type\":\"BreadcrumbList\",\"@id\":\"https:\/\/www.recoveryjourney.com.au\/fr\/psychologie-dynamique-de-lalimentation\/#breadcrumb\",\"itemListElement\":[{\"@type\":\"ListItem\",\"position\":1,\"name\":\"Home\",\"item\":\"https:\/\/www.recoveryjourney.com.au\/fr\/\"},{\"@type\":\"ListItem\",\"position\":2,\"name\":\"Psychologie Dynamique de l&#8217;Alimentation\"}]},{\"@type\":\"WebSite\",\"@id\":\"https:\/\/www.recoveryjourney.com.au\/fr\/#website\",\"url\":\"https:\/\/www.recoveryjourney.com.au\/fr\/\",\"name\":\"Recovery Journey\",\"description\":\"\",\"publisher\":{\"@id\":\"https:\/\/www.recoveryjourney.com.au\/fr\/#organization\"},\"potentialAction\":[{\"@type\":\"SearchAction\",\"target\":{\"@type\":\"EntryPoint\",\"urlTemplate\":\"https:\/\/www.recoveryjourney.com.au\/fr\/?s={search_term_string}\"},\"query-input\":{\"@type\":\"PropertyValueSpecification\",\"valueRequired\":true,\"valueName\":\"search_term_string\"}}],\"inLanguage\":\"fr-FR\"},{\"@type\":\"Organization\",\"@id\":\"https:\/\/www.recoveryjourney.com.au\/fr\/#organization\",\"name\":\"Recovery Journey\",\"url\":\"https:\/\/www.recoveryjourney.com.au\/fr\/\",\"logo\":{\"@type\":\"ImageObject\",\"inLanguage\":\"fr-FR\",\"@id\":\"https:\/\/www.recoveryjourney.com.au\/fr\/#\/schema\/logo\/image\/\",\"url\":\"https:\/\/www.recoveryjourney.com.au\/wp-content\/uploads\/2024\/07\/isabelle_sennery_700.png\",\"contentUrl\":\"https:\/\/www.recoveryjourney.com.au\/wp-content\/uploads\/2024\/07\/isabelle_sennery_700.png\",\"width\":700,\"height\":103,\"caption\":\"Recovery Journey\"},\"image\":{\"@id\":\"https:\/\/www.recoveryjourney.com.au\/fr\/#\/schema\/logo\/image\/\"}}]}<\/script>\n<!-- \/ Yoast SEO plugin. -->","yoast_head_json":{"title":"Psychologie Dynamique de l'Alimentation - Isabelle Sennery Transformational Coaching","robots":{"index":"index","follow":"follow","max-snippet":"max-snippet:-1","max-image-preview":"max-image-preview:large","max-video-preview":"max-video-preview:-1"},"canonical":"https:\/\/www.recoveryjourney.com.au\/fr\/psychologie-dynamique-de-lalimentation\/","og_locale":"fr_FR","og_type":"article","og_title":"Psychologie Dynamique de l'Alimentation - Isabelle Sennery Transformational Coaching","og_description":"[vc_row full_width=&#8221;stretch_row&#8221; bg_type=&#8221;image&#8221; parallax_style=&#8221;vcpb-default&#8221; bg_image_new=&#8221;id^91|url^https:\/\/www.recoveryjourney.com.au\/wp-content\/uploads\/2024\/07\/beach2.jpg|caption^Blur beautiful nature green palm leaf on tropical beach with bokeh sun light wave abstract background.|alt^null|title^Blur,Beautiful,Nature,Green,Palm,Leaf,On,Tropical,Beach,With|description^null&#8221; bg_img_attach=&#8221;fixed&#8221; enable_overlay=&#8221;enable_overlay_value&#8221; overlay_color=&#8221;#8667a5&#8243; el_class=&#8221;whitetext regular-big frontpage-toprow interior-toprow&#8221;][vc_column width=&#8221;2\/3&#8243;][vc_column_text css=&#8221;&#8221;] Psychologie...","og_url":"https:\/\/www.recoveryjourney.com.au\/fr\/psychologie-dynamique-de-lalimentation\/","og_site_name":"Isabelle Sennery Transformational Coaching","article_modified_time":"2024-10-23T08:22:50+00:00","twitter_card":"summary_large_image","twitter_misc":{"Dur\u00e9e de lecture estim\u00e9e":"4 minutes"},"schema":{"@context":"https:\/\/schema.org","@graph":[{"@type":"WebPage","@id":"https:\/\/www.recoveryjourney.com.au\/fr\/psychologie-dynamique-de-lalimentation\/","url":"https:\/\/www.recoveryjourney.com.au\/fr\/psychologie-dynamique-de-lalimentation\/","name":"Psychologie Dynamique de l'Alimentation - Isabelle Sennery Transformational Coaching","isPartOf":{"@id":"https:\/\/www.recoveryjourney.com.au\/fr\/#website"},"datePublished":"2024-07-10T04:25:35+00:00","dateModified":"2024-10-23T08:22:50+00:00","breadcrumb":{"@id":"https:\/\/www.recoveryjourney.com.au\/fr\/psychologie-dynamique-de-lalimentation\/#breadcrumb"},"inLanguage":"fr-FR","potentialAction":[{"@type":"ReadAction","target":["https:\/\/www.recoveryjourney.com.au\/fr\/psychologie-dynamique-de-lalimentation\/"]}]},{"@type":"BreadcrumbList","@id":"https:\/\/www.recoveryjourney.com.au\/fr\/psychologie-dynamique-de-lalimentation\/#breadcrumb","itemListElement":[{"@type":"ListItem","position":1,"name":"Home","item":"https:\/\/www.recoveryjourney.com.au\/fr\/"},{"@type":"ListItem","position":2,"name":"Psychologie Dynamique de l&#8217;Alimentation"}]},{"@type":"WebSite","@id":"https:\/\/www.recoveryjourney.com.au\/fr\/#website","url":"https:\/\/www.recoveryjourney.com.au\/fr\/","name":"Recovery Journey","description":"","publisher":{"@id":"https:\/\/www.recoveryjourney.com.au\/fr\/#organization"},"potentialAction":[{"@type":"SearchAction","target":{"@type":"EntryPoint","urlTemplate":"https:\/\/www.recoveryjourney.com.au\/fr\/?s={search_term_string}"},"query-input":{"@type":"PropertyValueSpecification","valueRequired":true,"valueName":"search_term_string"}}],"inLanguage":"fr-FR"},{"@type":"Organization","@id":"https:\/\/www.recoveryjourney.com.au\/fr\/#organization","name":"Recovery Journey","url":"https:\/\/www.recoveryjourney.com.au\/fr\/","logo":{"@type":"ImageObject","inLanguage":"fr-FR","@id":"https:\/\/www.recoveryjourney.com.au\/fr\/#\/schema\/logo\/image\/","url":"https:\/\/www.recoveryjourney.com.au\/wp-content\/uploads\/2024\/07\/isabelle_sennery_700.png","contentUrl":"https:\/\/www.recoveryjourney.com.au\/wp-content\/uploads\/2024\/07\/isabelle_sennery_700.png","width":700,"height":103,"caption":"Recovery Journey"},"image":{"@id":"https:\/\/www.recoveryjourney.com.au\/fr\/#\/schema\/logo\/image\/"}}]}},"_links":{"self":[{"href":"https:\/\/www.recoveryjourney.com.au\/fr\/wp-json\/wp\/v2\/pages\/407","targetHints":{"allow":["GET"]}}],"collection":[{"href":"https:\/\/www.recoveryjourney.com.au\/fr\/wp-json\/wp\/v2\/pages"}],"about":[{"href":"https:\/\/www.recoveryjourney.com.au\/fr\/wp-json\/wp\/v2\/types\/page"}],"author":[{"embeddable":true,"href":"https:\/\/www.recoveryjourney.com.au\/fr\/wp-json\/wp\/v2\/users\/1"}],"replies":[{"embeddable":true,"href":"https:\/\/www.recoveryjourney.com.au\/fr\/wp-json\/wp\/v2\/comments?post=407"}],"version-history":[{"count":4,"href":"https:\/\/www.recoveryjourney.com.au\/fr\/wp-json\/wp\/v2\/pages\/407\/revisions"}],"predecessor-version":[{"id":485,"href":"https:\/\/www.recoveryjourney.com.au\/fr\/wp-json\/wp\/v2\/pages\/407\/revisions\/485"}],"wp:attachment":[{"href":"https:\/\/www.recoveryjourney.com.au\/fr\/wp-json\/wp\/v2\/media?parent=407"}],"curies":[{"name":"wp","href":"https:\/\/api.w.org\/{rel}","templated":true}]}}