{"id":411,"date":"2024-07-10T04:08:01","date_gmt":"2024-07-10T04:08:01","guid":{"rendered":"https:\/\/staging.badv-host.com\/rj\/?page_id=411"},"modified":"2024-10-23T08:21:51","modified_gmt":"2024-10-23T08:21:51","slug":"entrepreneuse-eveillee","status":"publish","type":"page","link":"https:\/\/www.recoveryjourney.com.au\/fr\/entrepreneuse-eveillee\/","title":{"rendered":"Entrepreneuse Eveillee"},"content":{"rendered":"<div class=\"wpb-content-wrapper\"><p>[vc_row full_width=&#8221;stretch_row&#8221; bg_type=&#8221;image&#8221; parallax_style=&#8221;vcpb-default&#8221; bg_image_new=&#8221;id^91|url^https:\/\/www.recoveryjourney.com.au\/wp-content\/uploads\/2024\/07\/beach2.jpg|caption^Blur beautiful nature green palm leaf on tropical beach with bokeh sun light wave abstract background.|alt^null|title^Blur,Beautiful,Nature,Green,Palm,Leaf,On,Tropical,Beach,With|description^null&#8221; bg_img_attach=&#8221;fixed&#8221; enable_overlay=&#8221;enable_overlay_value&#8221; overlay_color=&#8221;#8667a5&#8243; el_class=&#8221;whitetext regular-big frontpage-toprow interior-toprow&#8221;][vc_column width=&#8221;2\/3&#8243;][vc_column_text css=&#8221;&#8221;]<\/p>\n<h1>Entrepreneure \u00c9veill\u00e9e : Accompagner les petites et moyennes entreprises vers une r\u00e9ussite \u00e9quilibr\u00e9e<\/h1>\n<p>[\/vc_column_text][\/vc_column][vc_column width=&#8221;1\/3&#8243;][\/vc_column][\/vc_row][vc_row el_class=&#8221;blacktext regular-big frontpage-aboutrow padding-row interior-row&#8221;][vc_column width=&#8221;1\/6&#8243;][\/vc_column][vc_column width=&#8221;2\/3&#8243;][vc_column_text css_animation=&#8221;fadeIn&#8221; css=&#8221;&#8221;]<\/p>\n<h3>Une Entrepreneure \u00c9veill\u00e9e est une femme audacieuse et cr\u00e9ative, qui aborde l\u2019entrepreneuriat avec passion et d\u00e9termination.<\/h3>\n<p>Elle rel\u00e8ve les d\u00e9fis avec une \u00e9nergie positive et inspire son entourage par ses actions et ses succ\u00e8s.<\/p>\n<p>On la reconna\u00eet \u00e0 sa capacit\u00e9 \u00e0 insuffler des changements positifs et \u00e0 faire une r\u00e9elle diff\u00e9rence dans son secteur et sa communaut\u00e9. Elle incarne la r\u00e9silience et la vision, tout en restant connect\u00e9e \u00e0 son intuition et \u00e0 ses valeurs. Son parcours devient alors une source d&#8217;inspiration pour celles et ceux qui la c\u00f4toient, montrant qu\u2019il est possible de naviguer dans un monde en constante \u00e9volution tout en restant fid\u00e8le \u00e0 soi-m\u00eame.<\/p>\n<p>Vous reconnaissez-vous dans ce r\u00f4le?<br \/>\n[\/vc_column_text][\/vc_column][\/vc_row][vc_row full_width=&#8221;stretch_row&#8221; equal_height=&#8221;yes&#8221; css_animation=&#8221;fadeIn&#8221; bg_type=&#8221;bg_color&#8221; el_class=&#8221;frontpage-service-row regular-big stretch-row-no-pad interior-row blacktext&#8221; bg_color_value=&#8221;rgba(134,101,166,0.1)&#8221;][vc_column width=&#8221;1\/2&#8243;][vc_column_text css_animation=&#8221;fadeIn&#8221; css=&#8221;&#8221;]<\/p>\n<h3>Si c\u2019est le cas, les ateliers &#8220;Entrepreneure \u00c9veill\u00e9e&#8221; sont con\u00e7us pour vous apporter les connaissances et les ressources n\u00e9cessaires afin de construire une activit\u00e9 qui vous ressemble, en accord avec votre vision et vos valeurs.<\/h3>\n<p>Aujourd\u2019hui, les petites entreprises doivent revoir tous les aspects de leur fonctionnement et de leur croissance sous un angle nouveau. La pand\u00e9mie a boulevers\u00e9 notre fa\u00e7on de g\u00e9rer une entreprise, et le monde continue de changer de mani\u00e8re parfois impr\u00e9visible.<\/p>\n<p>Pensez \u00e0 ces changements comme \u00e0 des courants sous-jacents. Invisibles \u00e0 l\u2019\u0153il nu, ils influencent silencieusement notre environnement. Il est essentiel d&#8217;apprendre \u00e0 les naviguer pour ne pas se laisser emporter. Les ateliers &#8220;Entrepreneure \u00c9veill\u00e9e&#8221; ont pour objectif de mettre en lumi\u00e8re ces courants cach\u00e9s, afin que vous et votre entreprise non seulement survivent, mais s\u2019adaptent, \u00e9voluent et prosp\u00e8rent.[\/vc_column_text][\/vc_column][vc_column width=&#8221;1\/2&#8243; el_class=&#8221;sweep-right&#8221; css=&#8221;.vc_custom_1720583889686{background-image: url(https:\/\/www.recoveryjourney.com.au\/wp-content\/uploads\/2024\/07\/transition-coaching.jpg?id=160) !important;background-position: center !important;background-repeat: no-repeat !important;background-size: cover !important;}&#8221;][\/vc_column][\/vc_row][vc_row el_class=&#8221;blacktext regular-big frontpage-aboutrow padding-row interior-row reduce-bottom-pad&#8221;][vc_column width=&#8221;1\/6&#8243;][\/vc_column][vc_column width=&#8221;2\/3&#8243;][vc_column_text css_animation=&#8221;fadeIn&#8221; css=&#8221;&#8221;]<\/p>\n<h3>Comprendre les forces cach\u00e9es qui nous entourent<\/h3>\n<p>Notre monde change sous l&#8217;influence de nombreux facteurs, visibles et invisibles. Ces courants affectent tout, des comportements des consommateurs aux cha\u00eenes d&#8217;approvisionnement.<\/p>\n<p>De plus, des d\u00e9couvertes scientifiques r\u00e9volutionnaires transforment notre vision de l\u2019entreprise et de la vie. En comprenant ces forces, vous serez mieux arm\u00e9e pour anticiper les d\u00e9fis, ajuster vos strat\u00e9gies et saisir de nouvelles opportunit\u00e9s.[\/vc_column_text][\/vc_column][\/vc_row][vc_row gap=&#8221;30&#8243; el_class=&#8221;blacktext regular-big frontpage-aboutrow padding-row interior-row center-border&#8221;][vc_column width=&#8221;1\/2&#8243;][vc_column_text css_animation=&#8221;fadeIn&#8221; css=&#8221;&#8221;]<\/p>\n<h3>Objectifs des ateliers.<\/h3>\n<p>Les ateliers &#8220;Entrepreneure \u00c9veill\u00e9e&#8221; sont con\u00e7us pour les entrepreneuses de micro-entreprises qui souhaitent:<\/p>\n<ul>\n<li><strong>Identifier les forces cach\u00e9es:<\/strong> Rep\u00e9rer les changements subtils et les tendances qui influencent votre secteur d&#8217;activit\u00e9.<\/li>\n<li><strong>S\u2019adapter, innover et inspirer:<\/strong> D\u00e9couvrir des strat\u00e9gies cr\u00e9atives pour rester en avance et inspirer les autres.<\/li>\n<li><strong>Renforcer la r\u00e9silience:<\/strong> D\u00e9velopper la capacit\u00e9 de faire face aux d\u00e9fis et perturbations inattendues avec confiance.<\/li>\n<li><strong>Saisir les opportunit\u00e9s cach\u00e9es:<\/strong> Transformer les d\u00e9fis en occasions d&#8217;\u00e9volution et d&#8217;\u00e9panouissement.<\/li>\n<li><strong>Changer les mentalit\u00e9s:<\/strong> Passer d\u2019un esprit de comp\u00e9tition \u00e0 un esprit de collaboration, et d&#8217;une vision traditionnelle du profit \u00e0 une approche qui int\u00e8gre le bien-\u00eatre, les personnes, la plan\u00e8te et la philanthropie.<\/li>\n<li><strong>Exploiter l\u2019intuition et l\u2019auto-r\u00e9gulation:<\/strong> Apprendre \u00e0 g\u00e9rer le stress et la fatigue tout en renfor\u00e7ant les relations avec vos clients, \u00e9quipes et communaut\u00e9.<\/li>\n<\/ul>\n<p>[\/vc_column_text][\/vc_column][vc_column width=&#8221;1\/2&#8243;][vc_column_text css_animation=&#8221;fadeIn&#8221; css=&#8221;&#8221;]<\/p>\n<h3>Sujets cl\u00e9s abord\u00e9s.<\/h3>\n<ul>\n<li><strong>Tendances \u00e9mergentes:<\/strong> Comprendre les tendances du march\u00e9 et leur impact sur votre entreprise.<\/li>\n<li><strong>Comportement des consommateurs:<\/strong> Apprendre \u00e0 r\u00e9pondre aux nouvelles attentes des clients.<\/li>\n<li><strong>Progr\u00e8s technologiques:<\/strong> Exploiter les technologies pour am\u00e9liorer vos op\u00e9rations et l&#8217;exp\u00e9rience client.<\/li>\n<li><strong>Durabilit\u00e9 et responsabilit\u00e9:<\/strong> Int\u00e9grer des pratiques \u00e9thiques et durables dans votre mod\u00e8le d\u2019entreprise.<\/li>\n<li><strong>Gestion des risques:<\/strong> Anticiper les risques potentiels et \u00e9laborer des strat\u00e9gies pour les att\u00e9nuer.<\/li>\n<li><strong>Coop\u00e9ration et partenariat:<\/strong> Cultiver un esprit de coop\u00e9ration pour cr\u00e9er des alliances enrichissantes et une croissance harmonieuse.<\/li>\n<li><strong>Plan\u00e8te et profit:<\/strong> \u00c9quilibrer le profit, le bien-\u00eatre des personnes, la pr\u00e9servation de la plan\u00e8te et la philanthropie.<\/li>\n<li><strong>Gestion du stress et auto-r\u00e9gulation:<\/strong> Pratiques pour nourrir votre bien-\u00eatre et cr\u00e9er un environnement de travail serein et \u00e9panouissant.<\/li>\n<\/ul>\n<p>[\/vc_column_text][\/vc_column][\/vc_row][vc_row full_width=&#8221;stretch_row&#8221; gap=&#8221;25&#8243; content_placement=&#8221;middle&#8221; bg_type=&#8221;image&#8221; parallax_style=&#8221;vcpb-default&#8221; bg_image_new=&#8221;id^90|url^https:\/\/www.recoveryjourney.com.au\/wp-content\/uploads\/2024\/07\/beach1.jpg|caption^A tropical beach in North Queensland, Australia|alt^null|title^A,Tropical,Beach,In,North,Queensland,,Australia|description^null&#8221; bg_img_attach=&#8221;fixed&#8221; enable_overlay=&#8221;enable_overlay_value&#8221; overlay_color=&#8221;#000000&#8243; el_class=&#8221;whitetext regular-big frontpage-toprow interior-bottomrow padding-row interior-row&#8221;][vc_column width=&#8221;1\/2&#8243;][vc_column_text css_animation=&#8221;fadeIn&#8221; css=&#8221;&#8221;]<\/p>\n<h3>Pourquoi ces ateliers sont importants aujourd&#8217;hui<\/h3>\n<p>Dans un monde en constante \u00e9volution, il est essentiel de rester inform\u00e9e et adaptable. Nos ateliers offrent une approche globale pour comprendre et naviguer dans le paysage complexe de l\u2019entrepreneuriat moderne.<\/p>\n<p>En \u00e9clairant les courants sous-jacents et en int\u00e9grant les d\u00e9couvertes scientifiques r\u00e9centes, nous donnons aux propri\u00e9taires de petites et moyennes entreprises les moyens non seulement de survivre, mais aussi de s\u2019\u00e9panouir.<\/p>\n<p>Depuis 2016, j\u2019anime ces ateliers sous forme d\u2019\u00e9v\u00e9nements d&#8217;une ou deux journ\u00e9es, principalement en interne dans le secteur du bien-\u00eatre et du d\u00e9veloppement personnel.[\/vc_column_text][\/vc_column][vc_column width=&#8221;1\/2&#8243;][vc_column_text css_animation=&#8221;fadeIn&#8221; css=&#8221;&#8221; el_class=&#8221;breakout-box&#8221;]Vivant en Australie et compte tenu des diff\u00e9rences de fuseaux horaires, je propose ces ateliers en direct par visioconf\u00e9rence (Zoom ou autre outil) sous forme de modules courts et faciles \u00e0 int\u00e9grer dans votre emploi du temps. Lors de mes s\u00e9jours en France, je les pr\u00e9sente sous forme d\u2019ateliers d&#8217;une journ\u00e9e ou \u00e9galement en visio, une solution qui convient particuli\u00e8rement bien aux micro-entreprises.<\/p>\n<p><a class=\"getintouchcta\">Prendre RDV<\/a>[\/vc_column_text][\/vc_column][\/vc_row]<\/p>\n<\/div>","protected":false},"excerpt":{"rendered":"<p>[vc_row full_width=&#8221;stretch_row&#8221; bg_type=&#8221;image&#8221; parallax_style=&#8221;vcpb-default&#8221; bg_image_new=&#8221;id^91|url^https:\/\/www.recoveryjourney.com.au\/wp-content\/uploads\/2024\/07\/beach2.jpg|caption^Blur beautiful nature green palm leaf on tropical beach with bokeh sun light wave abstract background.|alt^null|title^Blur,Beautiful,Nature,Green,Palm,Leaf,On,Tropical,Beach,With|description^null&#8221; bg_img_attach=&#8221;fixed&#8221; enable_overlay=&#8221;enable_overlay_value&#8221; overlay_color=&#8221;#8667a5&#8243; el_class=&#8221;whitetext regular-big frontpage-toprow interior-toprow&#8221;][vc_column width=&#8221;2\/3&#8243;][vc_column_text css=&#8221;&#8221;] Entrepreneure&#8230;<\/p>\n","protected":false},"author":1,"featured_media":0,"parent":0,"menu_order":0,"comment_status":"closed","ping_status":"closed","template":"","meta":{"inline_featured_image":false,"footnotes":""},"class_list":["post-411","page","type-page","status-publish","hentry"],"yoast_head":"<!-- This site is optimized with the Yoast SEO plugin v26.9 - https:\/\/yoast.com\/product\/yoast-seo-wordpress\/ -->\n<title>Entrepreneuse Eveillee - Isabelle Sennery Transformational Coaching<\/title>\n<meta name=\"robots\" content=\"index, follow, max-snippet:-1, max-image-preview:large, max-video-preview:-1\" \/>\n<link rel=\"canonical\" href=\"https:\/\/www.recoveryjourney.com.au\/fr\/entrepreneuse-eveillee\/\" \/>\n<meta property=\"og:locale\" content=\"fr_FR\" \/>\n<meta property=\"og:type\" content=\"article\" \/>\n<meta property=\"og:title\" content=\"Entrepreneuse Eveillee - Isabelle Sennery Transformational Coaching\" \/>\n<meta property=\"og:description\" content=\"[vc_row full_width=&#8221;stretch_row&#8221; bg_type=&#8221;image&#8221; parallax_style=&#8221;vcpb-default&#8221; bg_image_new=&#8221;id^91|url^https:\/\/www.recoveryjourney.com.au\/wp-content\/uploads\/2024\/07\/beach2.jpg|caption^Blur beautiful nature green palm leaf on tropical beach with bokeh sun light wave abstract background.|alt^null|title^Blur,Beautiful,Nature,Green,Palm,Leaf,On,Tropical,Beach,With|description^null&#8221; bg_img_attach=&#8221;fixed&#8221; enable_overlay=&#8221;enable_overlay_value&#8221; overlay_color=&#8221;#8667a5&#8243; el_class=&#8221;whitetext regular-big frontpage-toprow interior-toprow&#8221;][vc_column width=&#8221;2\/3&#8243;][vc_column_text css=&#8221;&#8221;] Entrepreneure...\" \/>\n<meta property=\"og:url\" content=\"https:\/\/www.recoveryjourney.com.au\/fr\/entrepreneuse-eveillee\/\" \/>\n<meta property=\"og:site_name\" content=\"Isabelle Sennery Transformational Coaching\" \/>\n<meta property=\"article:modified_time\" content=\"2024-10-23T08:21:51+00:00\" \/>\n<meta name=\"twitter:card\" content=\"summary_large_image\" \/>\n<meta name=\"twitter:label1\" content=\"Dur\u00e9e de lecture estim\u00e9e\" \/>\n\t<meta name=\"twitter:data1\" content=\"4 minutes\" \/>\n<script type=\"application\/ld+json\" class=\"yoast-schema-graph\">{\"@context\":\"https:\/\/schema.org\",\"@graph\":[{\"@type\":\"WebPage\",\"@id\":\"https:\/\/www.recoveryjourney.com.au\/fr\/entrepreneuse-eveillee\/\",\"url\":\"https:\/\/www.recoveryjourney.com.au\/fr\/entrepreneuse-eveillee\/\",\"name\":\"Entrepreneuse Eveillee - Isabelle Sennery Transformational Coaching\",\"isPartOf\":{\"@id\":\"https:\/\/www.recoveryjourney.com.au\/fr\/#website\"},\"datePublished\":\"2024-07-10T04:08:01+00:00\",\"dateModified\":\"2024-10-23T08:21:51+00:00\",\"breadcrumb\":{\"@id\":\"https:\/\/www.recoveryjourney.com.au\/fr\/entrepreneuse-eveillee\/#breadcrumb\"},\"inLanguage\":\"fr-FR\",\"potentialAction\":[{\"@type\":\"ReadAction\",\"target\":[\"https:\/\/www.recoveryjourney.com.au\/fr\/entrepreneuse-eveillee\/\"]}]},{\"@type\":\"BreadcrumbList\",\"@id\":\"https:\/\/www.recoveryjourney.com.au\/fr\/entrepreneuse-eveillee\/#breadcrumb\",\"itemListElement\":[{\"@type\":\"ListItem\",\"position\":1,\"name\":\"Home\",\"item\":\"https:\/\/www.recoveryjourney.com.au\/fr\/\"},{\"@type\":\"ListItem\",\"position\":2,\"name\":\"Entrepreneuse Eveillee\"}]},{\"@type\":\"WebSite\",\"@id\":\"https:\/\/www.recoveryjourney.com.au\/fr\/#website\",\"url\":\"https:\/\/www.recoveryjourney.com.au\/fr\/\",\"name\":\"Recovery Journey\",\"description\":\"\",\"publisher\":{\"@id\":\"https:\/\/www.recoveryjourney.com.au\/fr\/#organization\"},\"potentialAction\":[{\"@type\":\"SearchAction\",\"target\":{\"@type\":\"EntryPoint\",\"urlTemplate\":\"https:\/\/www.recoveryjourney.com.au\/fr\/?s={search_term_string}\"},\"query-input\":{\"@type\":\"PropertyValueSpecification\",\"valueRequired\":true,\"valueName\":\"search_term_string\"}}],\"inLanguage\":\"fr-FR\"},{\"@type\":\"Organization\",\"@id\":\"https:\/\/www.recoveryjourney.com.au\/fr\/#organization\",\"name\":\"Recovery Journey\",\"url\":\"https:\/\/www.recoveryjourney.com.au\/fr\/\",\"logo\":{\"@type\":\"ImageObject\",\"inLanguage\":\"fr-FR\",\"@id\":\"https:\/\/www.recoveryjourney.com.au\/fr\/#\/schema\/logo\/image\/\",\"url\":\"https:\/\/www.recoveryjourney.com.au\/wp-content\/uploads\/2024\/07\/isabelle_sennery_700.png\",\"contentUrl\":\"https:\/\/www.recoveryjourney.com.au\/wp-content\/uploads\/2024\/07\/isabelle_sennery_700.png\",\"width\":700,\"height\":103,\"caption\":\"Recovery Journey\"},\"image\":{\"@id\":\"https:\/\/www.recoveryjourney.com.au\/fr\/#\/schema\/logo\/image\/\"}}]}<\/script>\n<!-- \/ Yoast SEO plugin. -->","yoast_head_json":{"title":"Entrepreneuse Eveillee - Isabelle Sennery Transformational Coaching","robots":{"index":"index","follow":"follow","max-snippet":"max-snippet:-1","max-image-preview":"max-image-preview:large","max-video-preview":"max-video-preview:-1"},"canonical":"https:\/\/www.recoveryjourney.com.au\/fr\/entrepreneuse-eveillee\/","og_locale":"fr_FR","og_type":"article","og_title":"Entrepreneuse Eveillee - Isabelle Sennery Transformational Coaching","og_description":"[vc_row full_width=&#8221;stretch_row&#8221; bg_type=&#8221;image&#8221; parallax_style=&#8221;vcpb-default&#8221; bg_image_new=&#8221;id^91|url^https:\/\/www.recoveryjourney.com.au\/wp-content\/uploads\/2024\/07\/beach2.jpg|caption^Blur beautiful nature green palm leaf on tropical beach with bokeh sun light wave abstract background.|alt^null|title^Blur,Beautiful,Nature,Green,Palm,Leaf,On,Tropical,Beach,With|description^null&#8221; bg_img_attach=&#8221;fixed&#8221; enable_overlay=&#8221;enable_overlay_value&#8221; overlay_color=&#8221;#8667a5&#8243; el_class=&#8221;whitetext regular-big frontpage-toprow interior-toprow&#8221;][vc_column width=&#8221;2\/3&#8243;][vc_column_text css=&#8221;&#8221;] Entrepreneure...","og_url":"https:\/\/www.recoveryjourney.com.au\/fr\/entrepreneuse-eveillee\/","og_site_name":"Isabelle Sennery Transformational Coaching","article_modified_time":"2024-10-23T08:21:51+00:00","twitter_card":"summary_large_image","twitter_misc":{"Dur\u00e9e de lecture estim\u00e9e":"4 minutes"},"schema":{"@context":"https:\/\/schema.org","@graph":[{"@type":"WebPage","@id":"https:\/\/www.recoveryjourney.com.au\/fr\/entrepreneuse-eveillee\/","url":"https:\/\/www.recoveryjourney.com.au\/fr\/entrepreneuse-eveillee\/","name":"Entrepreneuse Eveillee - Isabelle Sennery Transformational Coaching","isPartOf":{"@id":"https:\/\/www.recoveryjourney.com.au\/fr\/#website"},"datePublished":"2024-07-10T04:08:01+00:00","dateModified":"2024-10-23T08:21:51+00:00","breadcrumb":{"@id":"https:\/\/www.recoveryjourney.com.au\/fr\/entrepreneuse-eveillee\/#breadcrumb"},"inLanguage":"fr-FR","potentialAction":[{"@type":"ReadAction","target":["https:\/\/www.recoveryjourney.com.au\/fr\/entrepreneuse-eveillee\/"]}]},{"@type":"BreadcrumbList","@id":"https:\/\/www.recoveryjourney.com.au\/fr\/entrepreneuse-eveillee\/#breadcrumb","itemListElement":[{"@type":"ListItem","position":1,"name":"Home","item":"https:\/\/www.recoveryjourney.com.au\/fr\/"},{"@type":"ListItem","position":2,"name":"Entrepreneuse Eveillee"}]},{"@type":"WebSite","@id":"https:\/\/www.recoveryjourney.com.au\/fr\/#website","url":"https:\/\/www.recoveryjourney.com.au\/fr\/","name":"Recovery Journey","description":"","publisher":{"@id":"https:\/\/www.recoveryjourney.com.au\/fr\/#organization"},"potentialAction":[{"@type":"SearchAction","target":{"@type":"EntryPoint","urlTemplate":"https:\/\/www.recoveryjourney.com.au\/fr\/?s={search_term_string}"},"query-input":{"@type":"PropertyValueSpecification","valueRequired":true,"valueName":"search_term_string"}}],"inLanguage":"fr-FR"},{"@type":"Organization","@id":"https:\/\/www.recoveryjourney.com.au\/fr\/#organization","name":"Recovery Journey","url":"https:\/\/www.recoveryjourney.com.au\/fr\/","logo":{"@type":"ImageObject","inLanguage":"fr-FR","@id":"https:\/\/www.recoveryjourney.com.au\/fr\/#\/schema\/logo\/image\/","url":"https:\/\/www.recoveryjourney.com.au\/wp-content\/uploads\/2024\/07\/isabelle_sennery_700.png","contentUrl":"https:\/\/www.recoveryjourney.com.au\/wp-content\/uploads\/2024\/07\/isabelle_sennery_700.png","width":700,"height":103,"caption":"Recovery Journey"},"image":{"@id":"https:\/\/www.recoveryjourney.com.au\/fr\/#\/schema\/logo\/image\/"}}]}},"_links":{"self":[{"href":"https:\/\/www.recoveryjourney.com.au\/fr\/wp-json\/wp\/v2\/pages\/411","targetHints":{"allow":["GET"]}}],"collection":[{"href":"https:\/\/www.recoveryjourney.com.au\/fr\/wp-json\/wp\/v2\/pages"}],"about":[{"href":"https:\/\/www.recoveryjourney.com.au\/fr\/wp-json\/wp\/v2\/types\/page"}],"author":[{"embeddable":true,"href":"https:\/\/www.recoveryjourney.com.au\/fr\/wp-json\/wp\/v2\/users\/1"}],"replies":[{"embeddable":true,"href":"https:\/\/www.recoveryjourney.com.au\/fr\/wp-json\/wp\/v2\/comments?post=411"}],"version-history":[{"count":4,"href":"https:\/\/www.recoveryjourney.com.au\/fr\/wp-json\/wp\/v2\/pages\/411\/revisions"}],"predecessor-version":[{"id":487,"href":"https:\/\/www.recoveryjourney.com.au\/fr\/wp-json\/wp\/v2\/pages\/411\/revisions\/487"}],"wp:attachment":[{"href":"https:\/\/www.recoveryjourney.com.au\/fr\/wp-json\/wp\/v2\/media?parent=411"}],"curies":[{"name":"wp","href":"https:\/\/api.w.org\/{rel}","templated":true}]}}