{"id":418,"date":"2024-07-18T00:14:03","date_gmt":"2024-07-18T00:14:03","guid":{"rendered":"https:\/\/staging.badv-host.com\/rj\/?page_id=418"},"modified":"2024-10-23T08:23:14","modified_gmt":"2024-10-23T08:23:14","slug":"ateliers-dune-journee","status":"publish","type":"page","link":"https:\/\/www.recoveryjourney.com.au\/fr\/ateliers-dune-journee\/","title":{"rendered":"Ateliers d&#8217;une journee"},"content":{"rendered":"<div class=\"wpb-content-wrapper\"><p>[vc_row full_width=&#8221;stretch_row&#8221; bg_type=&#8221;image&#8221; parallax_style=&#8221;vcpb-default&#8221; bg_image_new=&#8221;id^91|url^https:\/\/www.recoveryjourney.com.au\/wp-content\/uploads\/2024\/07\/beach2.jpg|caption^Blur beautiful nature green palm leaf on tropical beach with bokeh sun light wave abstract background.|alt^null|title^Blur,Beautiful,Nature,Green,Palm,Leaf,On,Tropical,Beach,With|description^null&#8221; bg_img_attach=&#8221;fixed&#8221; enable_overlay=&#8221;enable_overlay_value&#8221; overlay_color=&#8221;#8667a5&#8243; el_class=&#8221;whitetext regular-big frontpage-toprow interior-toprow&#8221;][vc_column width=&#8221;2\/3&#8243;][vc_column_text css=&#8221;&#8221;]<\/p>\n<h1>Ateliers d&#8217;une journee<\/h1>\n<p>[\/vc_column_text][\/vc_column][vc_column width=&#8221;1\/3&#8243;][\/vc_column][\/vc_row][vc_row el_class=&#8221;blacktext regular-big frontpage-aboutrow padding-row interior-row&#8221;][vc_column width=&#8221;1\/6&#8243;][\/vc_column][vc_column width=&#8221;2\/3&#8243;][vc_column_text css_animation=&#8221;fadeIn&#8221; css=&#8221;&#8221;]<\/p>\n<h3>Cette s\u00e9rie exclusive d&#8217;ateliers courts et cibl\u00e9s en d\u00e9veloppement personnel est con\u00e7ue pour ceux qui souhaitent faciliter leur transformation et leur \u00e9volution.<\/h3>\n<p>Les p\u00e9riodes de grands changements dans nos vies sont une opportunit\u00e9 incroyable pour explorer certains aspects de notre potentiel humain, qui jusqu&#8217;\u00e0 pr\u00e9sent restaient largement inexplor\u00e9s, car trop en dehors des sentiers battus.<\/p>\n<p>Aujourd&#8217;hui, gr\u00e2ce \u00e0 des d\u00e9couvertes scientifiques r\u00e9centes qui remettent en question tout ce que nous pensions savoir sur ce potentiel, nous avons la chance de les comprendre et de les int\u00e9grer dans notre quotidien.[\/vc_column_text][\/vc_column][\/vc_row][vc_row full_width=&#8221;stretch_row&#8221; equal_height=&#8221;yes&#8221; css_animation=&#8221;fadeIn&#8221; bg_type=&#8221;bg_color&#8221; el_class=&#8221;frontpage-service-row regular-big stretch-row-no-pad interior-row blacktext&#8221; bg_color_value=&#8221;rgba(134,101,166,0.1)&#8221;][vc_column width=&#8221;1\/2&#8243;][vc_column_text css_animation=&#8221;fadeIn&#8221; css=&#8221;&#8221;]<\/p>\n<h3>Comme le disait Albert Einstein, &#8216;On ne peut pas r\u00e9soudre un probl\u00e8me avec le m\u00eame niveau de conscience que celui qui l\u2019a cr\u00e9\u00e9.&#8217;<\/h3>\n<p>Ces moments de transition sont justement l&#8217;occasion de s&#8217;\u00e9lever \u00e0 un nouveau niveau de conscience pour non seulement surmonter ces passages difficiles, mais aussi nous transformer.<\/p>\n<p>[\/vc_column_text][\/vc_column][vc_column width=&#8221;1\/2&#8243; el_class=&#8221;sweep-right&#8221; css=&#8221;.vc_custom_1721261639640{background-image: url(https:\/\/www.recoveryjourney.com.au\/wp-content\/uploads\/2024\/07\/workshops.jpg?id=252) !important;background-position: center !important;background-repeat: no-repeat !important;background-size: cover !important;}&#8221;][\/vc_column][\/vc_row][vc_row full_width=&#8221;stretch_row&#8221; gap=&#8221;25&#8243; content_placement=&#8221;middle&#8221; bg_type=&#8221;image&#8221; parallax_style=&#8221;vcpb-default&#8221; bg_image_new=&#8221;id^90|url^https:\/\/www.recoveryjourney.com.au\/wp-content\/uploads\/2024\/07\/beach1.jpg|caption^A tropical beach in North Queensland, Australia|alt^null|title^A,Tropical,Beach,In,North,Queensland,,Australia|description^null&#8221; bg_img_attach=&#8221;fixed&#8221; enable_overlay=&#8221;enable_overlay_value&#8221; overlay_color=&#8221;#000000&#8243; el_class=&#8221;whitetext regular-big frontpage-toprow interior-bottomrow padding-row interior-row&#8221;][vc_column width=&#8221;1\/2&#8243;][vc_column_text css_animation=&#8221;fadeIn&#8221; css=&#8221;&#8221;]<\/p>\n<h3>Ces ateliers offrent des outils et des strat\u00e9gies solidement ancr\u00e9s dans ces d\u00e9couvertes r\u00e9centes, nous aidant \u00e0 aborder plus sereinement les transitions que la vie nous impose.<\/h3>\n<p>[\/vc_column_text][\/vc_column][vc_column width=&#8221;1\/2&#8243;][vc_column_text css_animation=&#8221;fadeIn&#8221; css=&#8221;&#8221; el_class=&#8221;breakout-box&#8221;]Living in Australia and taking into account the time zone differences, I offer these workshops live by videoconference (Zoom or other tool) in the form of short modules that are easy to integrate into your schedule. During my stays in France, I present them in the form of one-day workshops or also by videoconference, a solution that is particularly suitable for micro-enterprises.<\/p>\n<p><a class=\"getintouchcta\">Prendre RDV<\/a>[\/vc_column_text][\/vc_column][\/vc_row]<\/p>\n<\/div>","protected":false},"excerpt":{"rendered":"<p>[vc_row full_width=&#8221;stretch_row&#8221; bg_type=&#8221;image&#8221; parallax_style=&#8221;vcpb-default&#8221; bg_image_new=&#8221;id^91|url^https:\/\/www.recoveryjourney.com.au\/wp-content\/uploads\/2024\/07\/beach2.jpg|caption^Blur beautiful nature green palm leaf on tropical beach with bokeh sun light wave abstract background.|alt^null|title^Blur,Beautiful,Nature,Green,Palm,Leaf,On,Tropical,Beach,With|description^null&#8221; bg_img_attach=&#8221;fixed&#8221; enable_overlay=&#8221;enable_overlay_value&#8221; overlay_color=&#8221;#8667a5&#8243; el_class=&#8221;whitetext regular-big frontpage-toprow interior-toprow&#8221;][vc_column width=&#8221;2\/3&#8243;][vc_column_text css=&#8221;&#8221;] Ateliers&#8230;<\/p>\n","protected":false},"author":1,"featured_media":0,"parent":0,"menu_order":0,"comment_status":"closed","ping_status":"closed","template":"","meta":{"inline_featured_image":false,"footnotes":""},"class_list":["post-418","page","type-page","status-publish","hentry"],"yoast_head":"<!-- This site is optimized with the Yoast SEO plugin v26.9 - https:\/\/yoast.com\/product\/yoast-seo-wordpress\/ -->\n<title>Ateliers d&#039;une journee - Isabelle Sennery Transformational Coaching<\/title>\n<meta name=\"robots\" content=\"index, follow, max-snippet:-1, max-image-preview:large, max-video-preview:-1\" \/>\n<link rel=\"canonical\" href=\"https:\/\/www.recoveryjourney.com.au\/fr\/ateliers-dune-journee\/\" \/>\n<meta property=\"og:locale\" content=\"fr_FR\" \/>\n<meta property=\"og:type\" content=\"article\" \/>\n<meta property=\"og:title\" content=\"Ateliers d&#039;une journee - Isabelle Sennery Transformational Coaching\" \/>\n<meta property=\"og:description\" content=\"[vc_row full_width=&#8221;stretch_row&#8221; bg_type=&#8221;image&#8221; parallax_style=&#8221;vcpb-default&#8221; bg_image_new=&#8221;id^91|url^https:\/\/www.recoveryjourney.com.au\/wp-content\/uploads\/2024\/07\/beach2.jpg|caption^Blur beautiful nature green palm leaf on tropical beach with bokeh sun light wave abstract background.|alt^null|title^Blur,Beautiful,Nature,Green,Palm,Leaf,On,Tropical,Beach,With|description^null&#8221; bg_img_attach=&#8221;fixed&#8221; enable_overlay=&#8221;enable_overlay_value&#8221; overlay_color=&#8221;#8667a5&#8243; el_class=&#8221;whitetext regular-big frontpage-toprow interior-toprow&#8221;][vc_column width=&#8221;2\/3&#8243;][vc_column_text css=&#8221;&#8221;] Ateliers...\" \/>\n<meta property=\"og:url\" content=\"https:\/\/www.recoveryjourney.com.au\/fr\/ateliers-dune-journee\/\" \/>\n<meta property=\"og:site_name\" content=\"Isabelle Sennery Transformational Coaching\" \/>\n<meta property=\"article:modified_time\" content=\"2024-10-23T08:23:14+00:00\" \/>\n<meta name=\"twitter:card\" content=\"summary_large_image\" \/>\n<meta name=\"twitter:label1\" content=\"Dur\u00e9e de lecture estim\u00e9e\" \/>\n\t<meta name=\"twitter:data1\" content=\"2 minutes\" \/>\n<script type=\"application\/ld+json\" class=\"yoast-schema-graph\">{\"@context\":\"https:\/\/schema.org\",\"@graph\":[{\"@type\":\"WebPage\",\"@id\":\"https:\/\/www.recoveryjourney.com.au\/fr\/ateliers-dune-journee\/\",\"url\":\"https:\/\/www.recoveryjourney.com.au\/fr\/ateliers-dune-journee\/\",\"name\":\"Ateliers d'une journee - Isabelle Sennery Transformational Coaching\",\"isPartOf\":{\"@id\":\"https:\/\/www.recoveryjourney.com.au\/fr\/#website\"},\"datePublished\":\"2024-07-18T00:14:03+00:00\",\"dateModified\":\"2024-10-23T08:23:14+00:00\",\"breadcrumb\":{\"@id\":\"https:\/\/www.recoveryjourney.com.au\/fr\/ateliers-dune-journee\/#breadcrumb\"},\"inLanguage\":\"fr-FR\",\"potentialAction\":[{\"@type\":\"ReadAction\",\"target\":[\"https:\/\/www.recoveryjourney.com.au\/fr\/ateliers-dune-journee\/\"]}]},{\"@type\":\"BreadcrumbList\",\"@id\":\"https:\/\/www.recoveryjourney.com.au\/fr\/ateliers-dune-journee\/#breadcrumb\",\"itemListElement\":[{\"@type\":\"ListItem\",\"position\":1,\"name\":\"Home\",\"item\":\"https:\/\/www.recoveryjourney.com.au\/fr\/\"},{\"@type\":\"ListItem\",\"position\":2,\"name\":\"Ateliers d&#8217;une journee\"}]},{\"@type\":\"WebSite\",\"@id\":\"https:\/\/www.recoveryjourney.com.au\/fr\/#website\",\"url\":\"https:\/\/www.recoveryjourney.com.au\/fr\/\",\"name\":\"Recovery Journey\",\"description\":\"\",\"publisher\":{\"@id\":\"https:\/\/www.recoveryjourney.com.au\/fr\/#organization\"},\"potentialAction\":[{\"@type\":\"SearchAction\",\"target\":{\"@type\":\"EntryPoint\",\"urlTemplate\":\"https:\/\/www.recoveryjourney.com.au\/fr\/?s={search_term_string}\"},\"query-input\":{\"@type\":\"PropertyValueSpecification\",\"valueRequired\":true,\"valueName\":\"search_term_string\"}}],\"inLanguage\":\"fr-FR\"},{\"@type\":\"Organization\",\"@id\":\"https:\/\/www.recoveryjourney.com.au\/fr\/#organization\",\"name\":\"Recovery Journey\",\"url\":\"https:\/\/www.recoveryjourney.com.au\/fr\/\",\"logo\":{\"@type\":\"ImageObject\",\"inLanguage\":\"fr-FR\",\"@id\":\"https:\/\/www.recoveryjourney.com.au\/fr\/#\/schema\/logo\/image\/\",\"url\":\"https:\/\/www.recoveryjourney.com.au\/wp-content\/uploads\/2024\/07\/isabelle_sennery_700.png\",\"contentUrl\":\"https:\/\/www.recoveryjourney.com.au\/wp-content\/uploads\/2024\/07\/isabelle_sennery_700.png\",\"width\":700,\"height\":103,\"caption\":\"Recovery Journey\"},\"image\":{\"@id\":\"https:\/\/www.recoveryjourney.com.au\/fr\/#\/schema\/logo\/image\/\"}}]}<\/script>\n<!-- \/ Yoast SEO plugin. -->","yoast_head_json":{"title":"Ateliers d'une journee - Isabelle Sennery Transformational Coaching","robots":{"index":"index","follow":"follow","max-snippet":"max-snippet:-1","max-image-preview":"max-image-preview:large","max-video-preview":"max-video-preview:-1"},"canonical":"https:\/\/www.recoveryjourney.com.au\/fr\/ateliers-dune-journee\/","og_locale":"fr_FR","og_type":"article","og_title":"Ateliers d'une journee - Isabelle Sennery Transformational Coaching","og_description":"[vc_row full_width=&#8221;stretch_row&#8221; bg_type=&#8221;image&#8221; parallax_style=&#8221;vcpb-default&#8221; bg_image_new=&#8221;id^91|url^https:\/\/www.recoveryjourney.com.au\/wp-content\/uploads\/2024\/07\/beach2.jpg|caption^Blur beautiful nature green palm leaf on tropical beach with bokeh sun light wave abstract background.|alt^null|title^Blur,Beautiful,Nature,Green,Palm,Leaf,On,Tropical,Beach,With|description^null&#8221; bg_img_attach=&#8221;fixed&#8221; enable_overlay=&#8221;enable_overlay_value&#8221; overlay_color=&#8221;#8667a5&#8243; el_class=&#8221;whitetext regular-big frontpage-toprow interior-toprow&#8221;][vc_column width=&#8221;2\/3&#8243;][vc_column_text css=&#8221;&#8221;] Ateliers...","og_url":"https:\/\/www.recoveryjourney.com.au\/fr\/ateliers-dune-journee\/","og_site_name":"Isabelle Sennery Transformational Coaching","article_modified_time":"2024-10-23T08:23:14+00:00","twitter_card":"summary_large_image","twitter_misc":{"Dur\u00e9e de lecture estim\u00e9e":"2 minutes"},"schema":{"@context":"https:\/\/schema.org","@graph":[{"@type":"WebPage","@id":"https:\/\/www.recoveryjourney.com.au\/fr\/ateliers-dune-journee\/","url":"https:\/\/www.recoveryjourney.com.au\/fr\/ateliers-dune-journee\/","name":"Ateliers d'une journee - Isabelle Sennery Transformational Coaching","isPartOf":{"@id":"https:\/\/www.recoveryjourney.com.au\/fr\/#website"},"datePublished":"2024-07-18T00:14:03+00:00","dateModified":"2024-10-23T08:23:14+00:00","breadcrumb":{"@id":"https:\/\/www.recoveryjourney.com.au\/fr\/ateliers-dune-journee\/#breadcrumb"},"inLanguage":"fr-FR","potentialAction":[{"@type":"ReadAction","target":["https:\/\/www.recoveryjourney.com.au\/fr\/ateliers-dune-journee\/"]}]},{"@type":"BreadcrumbList","@id":"https:\/\/www.recoveryjourney.com.au\/fr\/ateliers-dune-journee\/#breadcrumb","itemListElement":[{"@type":"ListItem","position":1,"name":"Home","item":"https:\/\/www.recoveryjourney.com.au\/fr\/"},{"@type":"ListItem","position":2,"name":"Ateliers d&#8217;une journee"}]},{"@type":"WebSite","@id":"https:\/\/www.recoveryjourney.com.au\/fr\/#website","url":"https:\/\/www.recoveryjourney.com.au\/fr\/","name":"Recovery Journey","description":"","publisher":{"@id":"https:\/\/www.recoveryjourney.com.au\/fr\/#organization"},"potentialAction":[{"@type":"SearchAction","target":{"@type":"EntryPoint","urlTemplate":"https:\/\/www.recoveryjourney.com.au\/fr\/?s={search_term_string}"},"query-input":{"@type":"PropertyValueSpecification","valueRequired":true,"valueName":"search_term_string"}}],"inLanguage":"fr-FR"},{"@type":"Organization","@id":"https:\/\/www.recoveryjourney.com.au\/fr\/#organization","name":"Recovery Journey","url":"https:\/\/www.recoveryjourney.com.au\/fr\/","logo":{"@type":"ImageObject","inLanguage":"fr-FR","@id":"https:\/\/www.recoveryjourney.com.au\/fr\/#\/schema\/logo\/image\/","url":"https:\/\/www.recoveryjourney.com.au\/wp-content\/uploads\/2024\/07\/isabelle_sennery_700.png","contentUrl":"https:\/\/www.recoveryjourney.com.au\/wp-content\/uploads\/2024\/07\/isabelle_sennery_700.png","width":700,"height":103,"caption":"Recovery Journey"},"image":{"@id":"https:\/\/www.recoveryjourney.com.au\/fr\/#\/schema\/logo\/image\/"}}]}},"_links":{"self":[{"href":"https:\/\/www.recoveryjourney.com.au\/fr\/wp-json\/wp\/v2\/pages\/418","targetHints":{"allow":["GET"]}}],"collection":[{"href":"https:\/\/www.recoveryjourney.com.au\/fr\/wp-json\/wp\/v2\/pages"}],"about":[{"href":"https:\/\/www.recoveryjourney.com.au\/fr\/wp-json\/wp\/v2\/types\/page"}],"author":[{"embeddable":true,"href":"https:\/\/www.recoveryjourney.com.au\/fr\/wp-json\/wp\/v2\/users\/1"}],"replies":[{"embeddable":true,"href":"https:\/\/www.recoveryjourney.com.au\/fr\/wp-json\/wp\/v2\/comments?post=418"}],"version-history":[{"count":5,"href":"https:\/\/www.recoveryjourney.com.au\/fr\/wp-json\/wp\/v2\/pages\/418\/revisions"}],"predecessor-version":[{"id":490,"href":"https:\/\/www.recoveryjourney.com.au\/fr\/wp-json\/wp\/v2\/pages\/418\/revisions\/490"}],"wp:attachment":[{"href":"https:\/\/www.recoveryjourney.com.au\/fr\/wp-json\/wp\/v2\/media?parent=418"}],"curies":[{"name":"wp","href":"https:\/\/api.w.org\/{rel}","templated":true}]}}