{"id":427,"date":"2024-07-10T04:20:50","date_gmt":"2024-07-10T04:20:50","guid":{"rendered":"https:\/\/staging.badv-host.com\/rj\/?page_id=427"},"modified":"2024-10-23T08:23:09","modified_gmt":"2024-10-23T08:23:09","slug":"evaluation-du-stress-et-du-bien-etre","status":"publish","type":"page","link":"https:\/\/www.recoveryjourney.com.au\/fr\/evaluation-du-stress-et-du-bien-etre\/","title":{"rendered":"\u00c9valuation du Stress et du Bien-\u00catre"},"content":{"rendered":"<div class=\"wpb-content-wrapper\"><p>[vc_row full_width=&#8221;stretch_row&#8221; bg_type=&#8221;image&#8221; parallax_style=&#8221;vcpb-default&#8221; bg_image_new=&#8221;id^91|url^https:\/\/www.recoveryjourney.com.au\/wp-content\/uploads\/2024\/07\/beach2.jpg|caption^Blur beautiful nature green palm leaf on tropical beach with bokeh sun light wave abstract background.|alt^null|title^Blur,Beautiful,Nature,Green,Palm,Leaf,On,Tropical,Beach,With|description^null&#8221; bg_img_attach=&#8221;fixed&#8221; enable_overlay=&#8221;enable_overlay_value&#8221; overlay_color=&#8221;#8667a5&#8243; el_class=&#8221;whitetext regular-big frontpage-toprow interior-toprow&#8221;][vc_column width=&#8221;2\/3&#8243;][vc_column_text css=&#8221;&#8221;]<\/p>\n<h1>\u00c9valuation du Stress et du Bien-\u00catre<\/h1>\n<p>[\/vc_column_text][\/vc_column][vc_column width=&#8221;1\/3&#8243;][\/vc_column][\/vc_row][vc_row el_class=&#8221;blacktext regular-big frontpage-aboutrow padding-row interior-row&#8221;][vc_column width=&#8221;1\/6&#8243;][\/vc_column][vc_column width=&#8221;2\/3&#8243;][vc_column_text css_animation=&#8221;fadeIn&#8221; css=&#8221;&#8221;]<\/p>\n<h3>Comprenez comment certains aspects du stress, du bien-\u00eatre et de la r\u00e9silience influent sur la qualit\u00e9 de votre vie.<\/h3>\n<p>Dans un monde en constante \u00e9volution, les niveaux de stress sont \u00e0 la hausse, affectant notre sant\u00e9 et notre bien-\u00eatre. Les moments de transition et de changement peuvent souvent \u00eatre \u00e9prouvants et nous laisser \u00e9puis\u00e9s.<\/p>\n<p>Dans ce contexte, il est essentiel de prendre un moment pour faire le point sur votre niveau de stress et l\u2019\u00e9tat g\u00e9n\u00e9ral de votre bien-\u00eatre.<\/p>\n<p><strong>Pourquoi faire une \u00e9valuation du stress et du bien-\u00eatre?<\/strong><\/p>\n<p>Prendre conscience de votre niveau de stress et de son impact sur votre vie quotidienne est la premi\u00e8re \u00e9tape pour regagner votre \u00e9quilibre. L&#8217;Institut de recherche HeartMath(R) a d\u00e9velopp\u00e9 cet outil d&#8217;\u00e9valuation complet pour aider les gens \u00e0 mieux comprendre comment douze aspects de leur vie (travail, relations, finances, soutien social, etc.) affectent leurs niveaux de stress et leur bien-\u00eatre.<\/p>\n<p>L&#8217;\u00e9valuation a \u00e9t\u00e9 \u00e9tablie \u00e0 partir d&#8217;un \u00e9chantillon de plus de 1500 personnes afin de d\u00e9finir une r\u00e9f\u00e9rence de base.<br \/>\n[\/vc_column_text][\/vc_column][\/vc_row][vc_row full_width=&#8221;stretch_row&#8221; equal_height=&#8221;yes&#8221; css_animation=&#8221;fadeIn&#8221; bg_type=&#8221;bg_color&#8221; el_class=&#8221;frontpage-service-row regular-big stretch-row-no-pad interior-row blacktext&#8221; bg_color_value=&#8221;rgba(134,101,166,0.1)&#8221;][vc_column width=&#8221;1\/2&#8243;][vc_column_text css_animation=&#8221;fadeIn&#8221; css=&#8221;&#8221;]<\/p>\n<h3>\u00c0 quoi s\u2019attendre lors de cette \u00e9valuation?<\/h3>\n<p>Cette \u00e9valuation couvre divers domaines de votre vie, y compris les aspects physiques, \u00e9motionnels et mentaux. Les r\u00e9sultats vous permettront d&#8217;identifier les zones \u00e0 am\u00e9liorer et de mettre en place des strat\u00e9gies personnalis\u00e9es pour soutenir votre bien-\u00eatre.<\/p>\n<p><strong>Comment proceder?<\/strong><\/p>\n<ol>\n<li>Prenez quelques minutes pour r\u00e9pondre \u00e0 une s\u00e9rie de questions con\u00e7ues pour \u00e9valuer votre niveau de stress actuel et votre bien-\u00eatre global.<\/li>\n<li>Obtenez une analyse compl\u00e8te bas\u00e9e sur vos r\u00e9ponses, qui mettra en lumi\u00e8re les domaines de votre vie o\u00f9 des ajustements pourraient \u00eatre b\u00e9n\u00e9fiques.<\/li>\n<li>Explorez les solutions adapt\u00e9es \u00e0 vos besoins pour retrouver un \u00e9quilibre et avancer vers une meilleure version de vous-m\u00eame.<\/li>\n<\/ol>\n<p><strong>Pr\u00eat(e) \u00e0 commencer?<\/strong><\/p>\n<p>Vous m\u00e9ritez de vous sentir bien et d\u2019aborder la vie avec s\u00e9r\u00e9nit\u00e9. Cette \u00e9valuation est un pas vers une meilleure compr\u00e9hension de vous-m\u00eame et de ce qui peut \u00eatre fait pour am\u00e9liorer votre qualit\u00e9 de vie.[\/vc_column_text][\/vc_column][vc_column width=&#8221;1\/2&#8243; el_class=&#8221;sweep-right&#8221; css=&#8221;.vc_custom_1721261464010{background-image: url(https:\/\/www.recoveryjourney.com.au\/wp-content\/uploads\/2024\/07\/wellbeing.jpg?id=249) !important;background-position: center !important;background-repeat: no-repeat !important;background-size: cover !important;}&#8221;][\/vc_column][\/vc_row][vc_row full_width=&#8221;stretch_row&#8221; gap=&#8221;25&#8243; content_placement=&#8221;middle&#8221; bg_type=&#8221;image&#8221; parallax_style=&#8221;vcpb-default&#8221; bg_image_new=&#8221;id^90|url^https:\/\/www.recoveryjourney.com.au\/wp-content\/uploads\/2024\/07\/beach1.jpg|caption^A tropical beach in North Queensland, Australia|alt^null|title^A,Tropical,Beach,In,North,Queensland,,Australia|description^null&#8221; bg_img_attach=&#8221;fixed&#8221; enable_overlay=&#8221;enable_overlay_value&#8221; overlay_color=&#8221;#000000&#8243; el_class=&#8221;whitetext regular-big frontpage-toprow interior-bottomrow padding-row interior-row&#8221;][vc_column width=&#8221;1\/2&#8243;][vc_column_text css_animation=&#8221;fadeIn&#8221; css=&#8221;&#8221;]<\/p>\n<h3>Une fois l&#8217;\u00e9valuation termin\u00e9e, HeartMath m&#8217;en informera, et je vous contacterai pour organiser un appel en visio ou par t\u00e9l\u00e9phone afin de partager vos r\u00e9sultats.<\/h3>\n<p>Vous pourrez ensuite choisir de travailler avec moi pendant six semaines pour am\u00e9liorer les domaines qui n\u00e9cessitent une attention particuli\u00e8re.<\/p>\n<p>\u00c0 l\u2019issue de ces six semaines, je vous inviterai \u00e0 refaire l&#8217;\u00e9valuation. Vous pourrez alors comparer les r\u00e9sultats et constater les progr\u00e8s r\u00e9alis\u00e9s dans les 12 domaines sur lesquels nous nous serons concentr\u00e9s ensemble.[\/vc_column_text][\/vc_column][vc_column width=&#8221;1\/2&#8243;][vc_column_text css_animation=&#8221;fadeIn&#8221; css=&#8221;&#8221; el_class=&#8221;breakout-box&#8221;]Veuillez me contacter pour proc\u00e9der \u00e0 l&#8217;\u00e9valuation du stress. Vous recevrez ensuite un lien qui vous donnera acc\u00e8s au test, que vous pourrez effectuer \u00e0 votre rythme.<\/p>\n<p><a class=\"getintouchcta\">Prendre RDV<\/a>[\/vc_column_text][\/vc_column][\/vc_row]<\/p>\n<\/div>","protected":false},"excerpt":{"rendered":"<p>[vc_row full_width=&#8221;stretch_row&#8221; bg_type=&#8221;image&#8221; parallax_style=&#8221;vcpb-default&#8221; bg_image_new=&#8221;id^91|url^https:\/\/www.recoveryjourney.com.au\/wp-content\/uploads\/2024\/07\/beach2.jpg|caption^Blur beautiful nature green palm leaf on tropical beach with bokeh sun light wave abstract background.|alt^null|title^Blur,Beautiful,Nature,Green,Palm,Leaf,On,Tropical,Beach,With|description^null&#8221; bg_img_attach=&#8221;fixed&#8221; enable_overlay=&#8221;enable_overlay_value&#8221; overlay_color=&#8221;#8667a5&#8243; el_class=&#8221;whitetext regular-big frontpage-toprow interior-toprow&#8221;][vc_column width=&#8221;2\/3&#8243;][vc_column_text css=&#8221;&#8221;] \u00c9valuation&#8230;<\/p>\n","protected":false},"author":1,"featured_media":0,"parent":0,"menu_order":0,"comment_status":"closed","ping_status":"closed","template":"","meta":{"inline_featured_image":false,"footnotes":""},"class_list":["post-427","page","type-page","status-publish","hentry"],"yoast_head":"<!-- This site is optimized with the Yoast SEO plugin v26.9 - https:\/\/yoast.com\/product\/yoast-seo-wordpress\/ -->\n<title>\u00c9valuation du Stress et du Bien-\u00catre - Isabelle Sennery Transformational Coaching<\/title>\n<meta name=\"robots\" content=\"index, follow, max-snippet:-1, max-image-preview:large, max-video-preview:-1\" \/>\n<link rel=\"canonical\" href=\"https:\/\/www.recoveryjourney.com.au\/fr\/evaluation-du-stress-et-du-bien-etre\/\" \/>\n<meta property=\"og:locale\" content=\"fr_FR\" \/>\n<meta property=\"og:type\" content=\"article\" \/>\n<meta property=\"og:title\" content=\"\u00c9valuation du Stress et du Bien-\u00catre - Isabelle Sennery Transformational Coaching\" \/>\n<meta property=\"og:description\" content=\"[vc_row full_width=&#8221;stretch_row&#8221; bg_type=&#8221;image&#8221; parallax_style=&#8221;vcpb-default&#8221; bg_image_new=&#8221;id^91|url^https:\/\/www.recoveryjourney.com.au\/wp-content\/uploads\/2024\/07\/beach2.jpg|caption^Blur beautiful nature green palm leaf on tropical beach with bokeh sun light wave abstract background.|alt^null|title^Blur,Beautiful,Nature,Green,Palm,Leaf,On,Tropical,Beach,With|description^null&#8221; bg_img_attach=&#8221;fixed&#8221; enable_overlay=&#8221;enable_overlay_value&#8221; overlay_color=&#8221;#8667a5&#8243; el_class=&#8221;whitetext regular-big frontpage-toprow interior-toprow&#8221;][vc_column width=&#8221;2\/3&#8243;][vc_column_text css=&#8221;&#8221;] \u00c9valuation...\" \/>\n<meta property=\"og:url\" content=\"https:\/\/www.recoveryjourney.com.au\/fr\/evaluation-du-stress-et-du-bien-etre\/\" \/>\n<meta property=\"og:site_name\" content=\"Isabelle Sennery Transformational Coaching\" \/>\n<meta property=\"article:modified_time\" content=\"2024-10-23T08:23:09+00:00\" \/>\n<meta name=\"twitter:card\" content=\"summary_large_image\" \/>\n<meta name=\"twitter:label1\" content=\"Dur\u00e9e de lecture estim\u00e9e\" \/>\n\t<meta name=\"twitter:data1\" content=\"3 minutes\" \/>\n<script type=\"application\/ld+json\" class=\"yoast-schema-graph\">{\"@context\":\"https:\/\/schema.org\",\"@graph\":[{\"@type\":\"WebPage\",\"@id\":\"https:\/\/www.recoveryjourney.com.au\/fr\/evaluation-du-stress-et-du-bien-etre\/\",\"url\":\"https:\/\/www.recoveryjourney.com.au\/fr\/evaluation-du-stress-et-du-bien-etre\/\",\"name\":\"\u00c9valuation du Stress et du Bien-\u00catre - Isabelle Sennery Transformational Coaching\",\"isPartOf\":{\"@id\":\"https:\/\/www.recoveryjourney.com.au\/fr\/#website\"},\"datePublished\":\"2024-07-10T04:20:50+00:00\",\"dateModified\":\"2024-10-23T08:23:09+00:00\",\"breadcrumb\":{\"@id\":\"https:\/\/www.recoveryjourney.com.au\/fr\/evaluation-du-stress-et-du-bien-etre\/#breadcrumb\"},\"inLanguage\":\"fr-FR\",\"potentialAction\":[{\"@type\":\"ReadAction\",\"target\":[\"https:\/\/www.recoveryjourney.com.au\/fr\/evaluation-du-stress-et-du-bien-etre\/\"]}]},{\"@type\":\"BreadcrumbList\",\"@id\":\"https:\/\/www.recoveryjourney.com.au\/fr\/evaluation-du-stress-et-du-bien-etre\/#breadcrumb\",\"itemListElement\":[{\"@type\":\"ListItem\",\"position\":1,\"name\":\"Home\",\"item\":\"https:\/\/www.recoveryjourney.com.au\/fr\/\"},{\"@type\":\"ListItem\",\"position\":2,\"name\":\"\u00c9valuation du Stress et du Bien-\u00catre\"}]},{\"@type\":\"WebSite\",\"@id\":\"https:\/\/www.recoveryjourney.com.au\/fr\/#website\",\"url\":\"https:\/\/www.recoveryjourney.com.au\/fr\/\",\"name\":\"Recovery Journey\",\"description\":\"\",\"publisher\":{\"@id\":\"https:\/\/www.recoveryjourney.com.au\/fr\/#organization\"},\"potentialAction\":[{\"@type\":\"SearchAction\",\"target\":{\"@type\":\"EntryPoint\",\"urlTemplate\":\"https:\/\/www.recoveryjourney.com.au\/fr\/?s={search_term_string}\"},\"query-input\":{\"@type\":\"PropertyValueSpecification\",\"valueRequired\":true,\"valueName\":\"search_term_string\"}}],\"inLanguage\":\"fr-FR\"},{\"@type\":\"Organization\",\"@id\":\"https:\/\/www.recoveryjourney.com.au\/fr\/#organization\",\"name\":\"Recovery Journey\",\"url\":\"https:\/\/www.recoveryjourney.com.au\/fr\/\",\"logo\":{\"@type\":\"ImageObject\",\"inLanguage\":\"fr-FR\",\"@id\":\"https:\/\/www.recoveryjourney.com.au\/fr\/#\/schema\/logo\/image\/\",\"url\":\"https:\/\/www.recoveryjourney.com.au\/wp-content\/uploads\/2024\/07\/isabelle_sennery_700.png\",\"contentUrl\":\"https:\/\/www.recoveryjourney.com.au\/wp-content\/uploads\/2024\/07\/isabelle_sennery_700.png\",\"width\":700,\"height\":103,\"caption\":\"Recovery Journey\"},\"image\":{\"@id\":\"https:\/\/www.recoveryjourney.com.au\/fr\/#\/schema\/logo\/image\/\"}}]}<\/script>\n<!-- \/ Yoast SEO plugin. -->","yoast_head_json":{"title":"\u00c9valuation du Stress et du Bien-\u00catre - Isabelle Sennery Transformational Coaching","robots":{"index":"index","follow":"follow","max-snippet":"max-snippet:-1","max-image-preview":"max-image-preview:large","max-video-preview":"max-video-preview:-1"},"canonical":"https:\/\/www.recoveryjourney.com.au\/fr\/evaluation-du-stress-et-du-bien-etre\/","og_locale":"fr_FR","og_type":"article","og_title":"\u00c9valuation du Stress et du Bien-\u00catre - Isabelle Sennery Transformational Coaching","og_description":"[vc_row full_width=&#8221;stretch_row&#8221; bg_type=&#8221;image&#8221; parallax_style=&#8221;vcpb-default&#8221; bg_image_new=&#8221;id^91|url^https:\/\/www.recoveryjourney.com.au\/wp-content\/uploads\/2024\/07\/beach2.jpg|caption^Blur beautiful nature green palm leaf on tropical beach with bokeh sun light wave abstract background.|alt^null|title^Blur,Beautiful,Nature,Green,Palm,Leaf,On,Tropical,Beach,With|description^null&#8221; bg_img_attach=&#8221;fixed&#8221; enable_overlay=&#8221;enable_overlay_value&#8221; overlay_color=&#8221;#8667a5&#8243; el_class=&#8221;whitetext regular-big frontpage-toprow interior-toprow&#8221;][vc_column width=&#8221;2\/3&#8243;][vc_column_text css=&#8221;&#8221;] \u00c9valuation...","og_url":"https:\/\/www.recoveryjourney.com.au\/fr\/evaluation-du-stress-et-du-bien-etre\/","og_site_name":"Isabelle Sennery Transformational Coaching","article_modified_time":"2024-10-23T08:23:09+00:00","twitter_card":"summary_large_image","twitter_misc":{"Dur\u00e9e de lecture estim\u00e9e":"3 minutes"},"schema":{"@context":"https:\/\/schema.org","@graph":[{"@type":"WebPage","@id":"https:\/\/www.recoveryjourney.com.au\/fr\/evaluation-du-stress-et-du-bien-etre\/","url":"https:\/\/www.recoveryjourney.com.au\/fr\/evaluation-du-stress-et-du-bien-etre\/","name":"\u00c9valuation du Stress et du Bien-\u00catre - Isabelle Sennery Transformational Coaching","isPartOf":{"@id":"https:\/\/www.recoveryjourney.com.au\/fr\/#website"},"datePublished":"2024-07-10T04:20:50+00:00","dateModified":"2024-10-23T08:23:09+00:00","breadcrumb":{"@id":"https:\/\/www.recoveryjourney.com.au\/fr\/evaluation-du-stress-et-du-bien-etre\/#breadcrumb"},"inLanguage":"fr-FR","potentialAction":[{"@type":"ReadAction","target":["https:\/\/www.recoveryjourney.com.au\/fr\/evaluation-du-stress-et-du-bien-etre\/"]}]},{"@type":"BreadcrumbList","@id":"https:\/\/www.recoveryjourney.com.au\/fr\/evaluation-du-stress-et-du-bien-etre\/#breadcrumb","itemListElement":[{"@type":"ListItem","position":1,"name":"Home","item":"https:\/\/www.recoveryjourney.com.au\/fr\/"},{"@type":"ListItem","position":2,"name":"\u00c9valuation du Stress et du Bien-\u00catre"}]},{"@type":"WebSite","@id":"https:\/\/www.recoveryjourney.com.au\/fr\/#website","url":"https:\/\/www.recoveryjourney.com.au\/fr\/","name":"Recovery Journey","description":"","publisher":{"@id":"https:\/\/www.recoveryjourney.com.au\/fr\/#organization"},"potentialAction":[{"@type":"SearchAction","target":{"@type":"EntryPoint","urlTemplate":"https:\/\/www.recoveryjourney.com.au\/fr\/?s={search_term_string}"},"query-input":{"@type":"PropertyValueSpecification","valueRequired":true,"valueName":"search_term_string"}}],"inLanguage":"fr-FR"},{"@type":"Organization","@id":"https:\/\/www.recoveryjourney.com.au\/fr\/#organization","name":"Recovery Journey","url":"https:\/\/www.recoveryjourney.com.au\/fr\/","logo":{"@type":"ImageObject","inLanguage":"fr-FR","@id":"https:\/\/www.recoveryjourney.com.au\/fr\/#\/schema\/logo\/image\/","url":"https:\/\/www.recoveryjourney.com.au\/wp-content\/uploads\/2024\/07\/isabelle_sennery_700.png","contentUrl":"https:\/\/www.recoveryjourney.com.au\/wp-content\/uploads\/2024\/07\/isabelle_sennery_700.png","width":700,"height":103,"caption":"Recovery Journey"},"image":{"@id":"https:\/\/www.recoveryjourney.com.au\/fr\/#\/schema\/logo\/image\/"}}]}},"_links":{"self":[{"href":"https:\/\/www.recoveryjourney.com.au\/fr\/wp-json\/wp\/v2\/pages\/427","targetHints":{"allow":["GET"]}}],"collection":[{"href":"https:\/\/www.recoveryjourney.com.au\/fr\/wp-json\/wp\/v2\/pages"}],"about":[{"href":"https:\/\/www.recoveryjourney.com.au\/fr\/wp-json\/wp\/v2\/types\/page"}],"author":[{"embeddable":true,"href":"https:\/\/www.recoveryjourney.com.au\/fr\/wp-json\/wp\/v2\/users\/1"}],"replies":[{"embeddable":true,"href":"https:\/\/www.recoveryjourney.com.au\/fr\/wp-json\/wp\/v2\/comments?post=427"}],"version-history":[{"count":4,"href":"https:\/\/www.recoveryjourney.com.au\/fr\/wp-json\/wp\/v2\/pages\/427\/revisions"}],"predecessor-version":[{"id":488,"href":"https:\/\/www.recoveryjourney.com.au\/fr\/wp-json\/wp\/v2\/pages\/427\/revisions\/488"}],"wp:attachment":[{"href":"https:\/\/www.recoveryjourney.com.au\/fr\/wp-json\/wp\/v2\/media?parent=427"}],"curies":[{"name":"wp","href":"https:\/\/api.w.org\/{rel}","templated":true}]}}