{"id":430,"date":"2024-07-01T04:03:48","date_gmt":"2024-07-01T04:03:48","guid":{"rendered":"https:\/\/staging.badv-host.com\/rj\/?page_id=430"},"modified":"2024-10-15T03:02:44","modified_gmt":"2024-10-15T03:02:44","slug":"home","status":"publish","type":"page","link":"https:\/\/www.recoveryjourney.com.au\/fr\/","title":{"rendered":"Home"},"content":{"rendered":"<div class=\"wpb-content-wrapper\"><p>[vc_row full_width=&#8221;stretch_row&#8221; full_height=&#8221;yes&#8221; bg_type=&#8221;image&#8221; parallax_style=&#8221;vcpb-default&#8221; bg_image_new=&#8221;id^91|url^https:\/\/www.recoveryjourney.com.au\/wp-content\/uploads\/2024\/07\/beach2.jpg|caption^Blur beautiful nature green palm leaf on tropical beach with bokeh sun light wave abstract background.|alt^null|title^Blur,Beautiful,Nature,Green,Palm,Leaf,On,Tropical,Beach,With|description^null&#8221; bg_img_attach=&#8221;fixed&#8221; enable_overlay=&#8221;enable_overlay_value&#8221; overlay_color=&#8221;#8667a5&#8243; el_class=&#8221;whitetext regular-big frontpage-toprow&#8221;][vc_column width=&#8221;2\/3&#8243;][vc_column_text css=&#8221;&#8221;]<\/p>\n<h1>Rebondir apres les transitions de vie.<\/h1>\n<p>[\/vc_column_text][vc_column_text el_class=&#8221;cta-links&#8221;]<a href=\"https:\/\/calendly.com\/isasennery\/\" target=\"_blank\" rel=\"noopener\">Book Session<\/a> <a href=\"#more\">More Info<\/a>[\/vc_column_text][\/vc_column][vc_column width=&#8221;1\/3&#8243;][\/vc_column][\/vc_row][vc_row el_class=&#8221;centered blacktext regular-big frontpage-aboutrow padding-row&#8221; el_id=&#8221;more&#8221;][vc_column width=&#8221;1\/6&#8243;][\/vc_column][vc_column width=&#8221;2\/3&#8243;][vc_column_text css_animation=&#8221;fadeIn&#8221; css=&#8221;&#8221;]Les transitions de vie, comme atteindre un \u00e2ge cl\u00e9, se marier, devenir parent, quitter l&#8217;universit\u00e9, changer d&#8217;emploi ou le perdre, traverser une crise financi\u00e8re, tomber malade ou devenir invalide, vivre un deuil, ou prendre sa retraite, peuvent sembler accablantes et d\u00e9stabilisantes.<\/p>\n<p>Cependant, elles offrent \u00e9galement un immense potentiel de croissance et de transformation. En abordant ces moments charni\u00e8res avec un esprit de curiosit\u00e9 et d\u2019ouverture, vous pouvez exploiter l&#8217;\u00e9nergie du changement pour vous propulser vers l&#8217;avant d&#8217;une mani\u00e8re que vous n&#8217;auriez peut-\u00eatre pas imagin\u00e9e.<br \/>\n[\/vc_column_text][vc_column_text css_animation=&#8221;fadeIn&#8221; css=&#8221;&#8221; el_class=&#8221;cta-links&#8221;]<a href=\"https:\/\/www.recoveryjourney.com.au\/\/fr\/notre-philosophie\/\">Lire la suite<\/a>[\/vc_column_text][\/vc_column][\/vc_row][vc_row full_width=&#8221;stretch_row&#8221; bg_type=&#8221;bg_color&#8221; el_class=&#8221;frontpage-service-row regular-big padding-row&#8221; bg_color_value=&#8221;#f9f9f9&#8243;][vc_column][vc_row_inner gap=&#8221;20&#8243; el_class=&#8221;service-row service-row-1 wpb_animate_when_almost_visible wpb_fadeIn&#8221;][vc_column_inner width=&#8221;1\/3&#8243;][vc_column_text css=&#8221;&#8221; el_class=&#8221;services-title&#8221;]Coaching de Transition[\/vc_column_text][vc_single_image image=&#8221;18&#8243; img_size=&#8221;full&#8221; el_class=&#8221;service-image&#8221;][vc_column_text css=&#8221;&#8221; el_class=&#8221;box-link&#8221;]<a href=\"https:\/\/www.recoveryjourney.com.au\/\/fr\/coaching-de-transition\/\" rel=\"noopener\">Link<\/a>[\/vc_column_text][\/vc_column_inner][vc_column_inner width=&#8221;1\/3&#8243;][vc_column_text css=&#8221;&#8221; el_class=&#8221;services-title&#8221;]<br \/>\nPsychologie Dynamique de l\u2019Alimentation[\/vc_column_text][vc_single_image image=&#8221;17&#8243; img_size=&#8221;full&#8221; el_class=&#8221;service-image&#8221;][vc_column_text css=&#8221;&#8221; el_class=&#8221;box-link&#8221;]<a href=\"https:\/\/www.recoveryjourney.com.au\/\/fr\/psychologie-dynamique-de-lalimentation\/\" rel=\"noopener\">Link<\/a>[\/vc_column_text][\/vc_column_inner][vc_column_inner width=&#8221;1\/3&#8243;][vc_column_text el_class=&#8221;services-title&#8221;]Psychosocial Recovery Coaching[\/vc_column_text][vc_single_image image=&#8221;19&#8243; img_size=&#8221;full&#8221; el_class=&#8221;service-image&#8221;][vc_column_text css=&#8221;&#8221; el_class=&#8221;box-link&#8221;]<a href=\"https:\/\/www.recoveryjourney.com.au\/\/fr\/coaching-de-retablissement\/\" rel=\"noopener\">Link<\/a>[\/vc_column_text][\/vc_column_inner][\/vc_row_inner][vc_row_inner gap=&#8221;20&#8243; el_class=&#8221;service-row service-row-2 wpb_animate_when_almost_visible wpb_fadeIn&#8221;][vc_column_inner width=&#8221;1\/3&#8243;][vc_column_text css=&#8221;&#8221; el_class=&#8221;services-title&#8221;]Entrepreneure \u00c9veill\u00e9e[\/vc_column_text][vc_single_image image=&#8221;16&#8243; img_size=&#8221;full&#8221; el_class=&#8221;service-image&#8221;][vc_column_text css=&#8221;&#8221; el_class=&#8221;box-link&#8221;]<a href=\"https:\/\/www.recoveryjourney.com.au\/\/fr\/entrepreneuse-eveillee\/\" rel=\"noopener\">Link<\/a>[\/vc_column_text][\/vc_column_inner][vc_column_inner width=&#8221;1\/3&#8243;][vc_column_text css=&#8221;&#8221; el_class=&#8221;services-title&#8221;]\u00c9valuation du Stress et du Bien-\u00catre<br \/>\n[\/vc_column_text][vc_single_image image=&#8221;21&#8243; img_size=&#8221;full&#8221; el_class=&#8221;service-image&#8221;][vc_column_text css=&#8221;&#8221; el_class=&#8221;box-link&#8221;]<a href=\"https:\/\/www.recoveryjourney.com.au\/\/fr\/evaluation-du-stress-et-du-bien-etre\/\" rel=\"noopener\">Link<\/a>[\/vc_column_text][\/vc_column_inner][vc_column_inner width=&#8221;1\/3&#8243;][vc_column_text css=&#8221;&#8221; el_class=&#8221;services-title&#8221;]Ateliers d\u2019une journee<br \/>\n[\/vc_column_text][vc_single_image image=&#8221;20&#8243; img_size=&#8221;full&#8221; el_class=&#8221;service-image&#8221;][vc_column_text css=&#8221;&#8221; el_class=&#8221;box-link&#8221;]<a href=\"https:\/\/www.recoveryjourney.com.au\/\/fr\/ateliers-dune-journee\/\" rel=\"noopener\">Link<\/a>[\/vc_column_text][\/vc_column_inner][\/vc_row_inner][\/vc_column][\/vc_row][vc_row el_class=&#8221;centered blacktext regular-big frontpage-testimonialrow padding-row&#8221;][vc_column width=&#8221;1\/6&#8243;][\/vc_column][vc_column width=&#8221;2\/3&#8243;][vc_column_text css_animation=&#8221;fadeIn&#8221;]<\/p>\n<h3>Testimonials<\/h3>\n<p>[\/vc_column_text]<div id=\"ult-carousel-166060585769ea290d55921\" class=\"ult-carousel-wrapper   ult_horizontal\" data-gutter=\"15\" data-rtl=\"false\" ><div class=\"ult-carousel-357490045669ea290d54289 \" >[vc_row_inner el_class=&#8221;testimonial-row wpb_animate_when_almost_visible wpb_fadeIn&#8221;][vc_column_inner][vc_column_text el_class=&#8221;testimonial-text&#8221;]Isabelle is an exceptionally talented wellness practitioner who embodies the rare combination of decades of professional training blended with successfully moving through her own extreme challenges, in every context of her life.<\/p>\n<p>Her unique ability guides you to redefine your own life and a realignment to who you truly are, a paradigm shift in both health and business alike.<br \/>\nShe combines multiple skills, linking quantum physics with old wisdom with integrity, passion and determination to help you achieve your best outcome.[\/vc_column_text][vc_column_text el_class=&#8221;testimonial-author&#8221;]Martine[\/vc_column_text][\/vc_column_inner][\/vc_row_inner][vc_row_inner el_class=&#8221;testimonial-row&#8221;][vc_column_inner][vc_column_text el_class=&#8221;testimonial-text&#8221;]Isabelle has helped me synthesise complex situations in both life issues and career dilemmas.<\/p>\n<p>The coaching sessions we have regularly have helped me take my business to the next level, all of this with a depth of reflection mixed with lightness and a variety of tools that make each session unique and powerful.<\/p>\n<p>Each month, I find myself looking forward to our next connection. Very uplifting also, particularly helpful in today&#8217;s environment.[\/vc_column_text][vc_column_text el_class=&#8221;testimonial-author&#8221;]Bernadette[\/vc_column_text][\/vc_column_inner][\/vc_row_inner][vc_row_inner el_class=&#8221;testimonial-row&#8221;][vc_column_inner][vc_column_text el_class=&#8221;testimonial-text&#8221;]Isabelle has an extraordinary capacity tuning into the core essence of the challenges we meet as we traverse through our lives.<\/p>\n<p>This is not because of learning acquired through textbooks but insights gleaned over decades of masterfully overcoming her own challenges[\/vc_column_text][vc_column_text el_class=&#8221;testimonial-author&#8221;]Bernadette[\/vc_column_text][\/vc_column_inner][\/vc_row_inner][vc_row_inner el_class=&#8221;testimonial-row&#8221;][vc_column_inner][vc_column_text el_class=&#8221;testimonial-text&#8221;]Isabelle is a heart-centred, highly qualified coach. I have known Isabelle for almost a quarter of a century and have followed her work with deep interest.<\/p>\n<p>I respect her enormously and would recommend her to everyone who sincerely desires to improve the quality of their life.[\/vc_column_text][vc_column_text el_class=&#8221;testimonial-author&#8221;]Lesley Fieger<br \/>\nFounder of Delfin International<br \/>\n[\/vc_column_text][\/vc_column_inner][\/vc_row_inner][vc_row_inner el_class=&#8221;testimonial-row&#8221;][vc_column_inner][vc_column_text el_class=&#8221;testimonial-text&#8221;]Isabelle is always up to date with cutting-edge methods that align and develop the body, mind, and heart.<\/p>\n<p>Her energy and hope have no equal. You will definitely get your healing perspective and coaching through your transformation.<\/p>\n<p>I always loved cooperating with her to create brilliant outcomes for my life. [\/vc_column_text][vc_column_text el_class=&#8221;testimonial-author&#8221;]Burak Akcakanat<br \/>\nAuthor, Master HCD Practitioner, Personal Development Strategist, Certified Corporate, C Suite and Board Level Executive Coach<br \/>\n[\/vc_column_text][\/vc_column_inner][\/vc_row_inner]<\/div><\/div>\t\t\t<script type=\"text\/javascript\">\n\t\t\t\tjQuery(document).ready(function ($) {\n\t\t\t\t\tif( typeof jQuery('.ult-carousel-357490045669ea290d54289').slick == \"function\"){\n\t\t\t\t\t\t$('.ult-carousel-357490045669ea290d54289').slick({dots: false,autoplay: true,autoplaySpeed: \"5000\",speed: \"300\",infinite: true,arrows: true,nextArrow: '<button type=\"button\" role=\"button\" aria-label=\"Next\" style=\"color:#8563a5; font-size:20px;\" class=\"slick-next default\"><i class=\"ultsl-arrow-right4\"><\/i><\/button>',prevArrow: '<button type=\"button\" role=\"button\" aria-label=\"Previous\" style=\"color:#8563a5; font-size:20px;\" class=\"slick-prev default\"><i class=\"ultsl-arrow-left4\"><\/i><\/button>',slidesToScroll:1,slidesToShow:1,swipe: true,draggable: true,touchMove: true,pauseOnHover: true,pauseOnFocus: false,responsive: [\n\t\t\t\t\t\t\t{\n\t\t\t\t\t\t\t  breakpoint: 1026,\n\t\t\t\t\t\t\t  settings: {\n\t\t\t\t\t\t\t\tslidesToShow: 1,\n\t\t\t\t\t\t\t\tslidesToScroll: 1,  \n\t\t\t\t\t\t\t  }\n\t\t\t\t\t\t\t},\n\t\t\t\t\t\t\t{\n\t\t\t\t\t\t\t  breakpoint: 1025,\n\t\t\t\t\t\t\t  settings: {\n\t\t\t\t\t\t\t\tslidesToShow: 1,\n\t\t\t\t\t\t\t\tslidesToScroll: 1\n\t\t\t\t\t\t\t  }\n\t\t\t\t\t\t\t},\n\t\t\t\t\t\t\t{\n\t\t\t\t\t\t\t  breakpoint: 760,\n\t\t\t\t\t\t\t  settings: {\n\t\t\t\t\t\t\t\tslidesToShow: 1,\n\t\t\t\t\t\t\t\tslidesToScroll: 1\n\t\t\t\t\t\t\t  }\n\t\t\t\t\t\t\t}\n\t\t\t\t\t\t],pauseOnDotsHover: true,customPaging: function(slider, i) {\n                   return '<i type=\"button\" style= \"color:#333333;\" class=\"ultsl-record\" data-role=\"none\"><\/i>';\n                },});\n\t\t\t\t\t}\n\t\t\t\t});\n\t\t\t<\/script>\n\t\t\t[\/vc_column][\/vc_row][vc_row full_width=&#8221;stretch_row&#8221; bg_type=&#8221;bg_color&#8221; el_class=&#8221;certifications padding-row&#8221; bg_color_value=&#8221;#efefef&#8221;][vc_column][vc_column_text el_id=&#8221;certifications-text&#8221;]Proudly Certified, Accredited &amp; Associated With:[\/vc_column_text][vc_column_text el_class=&#8221;certifications-box&#8221;]<img loading=\"lazy\" decoding=\"async\" class=\"alignnone wp-image-299 size-medium\" src=\"https:\/\/www.recoveryjourney.com.au\/wp-content\/uploads\/2024\/07\/seal_fullmemberjpg-508x199.jpeg\" alt=\"\" width=\"508\" height=\"199\" srcset=\"https:\/\/www.recoveryjourney.com.au\/wp-content\/uploads\/2024\/07\/seal_fullmemberjpg-508x199.jpeg 508w, https:\/\/www.recoveryjourney.com.au\/wp-content\/uploads\/2024\/07\/seal_fullmemberjpg-600x235.jpeg 600w, https:\/\/www.recoveryjourney.com.au\/wp-content\/uploads\/2024\/07\/seal_fullmemberjpg-900x352.jpeg 900w, https:\/\/www.recoveryjourney.com.au\/wp-content\/uploads\/2024\/07\/seal_fullmemberjpg-768x301.jpeg 768w, https:\/\/www.recoveryjourney.com.au\/wp-content\/uploads\/2024\/07\/seal_fullmemberjpg-1536x601.jpeg 1536w, https:\/\/www.recoveryjourney.com.au\/wp-content\/uploads\/2024\/07\/seal_fullmemberjpg-2048x801.jpeg 2048w\" sizes=\"auto, (max-width: 508px) 100vw, 508px\" \/><img loading=\"lazy\" decoding=\"async\" class=\"alignnone size-full wp-image-99\" src=\"https:\/\/www.recoveryjourney.com.au\/wp-content\/uploads\/2024\/07\/Blue-Ivory-Floral-Minimalist-Photography-Circle-Logo.png\" alt=\"\" width=\"200\" height=\"198\" srcset=\"https:\/\/www.recoveryjourney.com.au\/wp-content\/uploads\/2024\/07\/Blue-Ivory-Floral-Minimalist-Photography-Circle-Logo.png 200w, https:\/\/www.recoveryjourney.com.au\/wp-content\/uploads\/2024\/07\/Blue-Ivory-Floral-Minimalist-Photography-Circle-Logo-100x100.png 100w, https:\/\/www.recoveryjourney.com.au\/wp-content\/uploads\/2024\/07\/Blue-Ivory-Floral-Minimalist-Photography-Circle-Logo-150x150.png 150w\" sizes=\"auto, (max-width: 200px) 100vw, 200px\" \/><img loading=\"lazy\" decoding=\"async\" class=\"alignnone size-full wp-image-100\" src=\"https:\/\/www.recoveryjourney.com.au\/wp-content\/uploads\/2024\/07\/HM-HCM-Cert-Mentor-V3.png\" alt=\"\" width=\"500\" height=\"123\" \/> <img loading=\"lazy\" decoding=\"async\" class=\"alignnone size-full wp-image-286\" src=\"https:\/\/www.recoveryjourney.com.au\/wp-content\/uploads\/2024\/07\/TMA-PNG-file-01.png\" alt=\"\" width=\"240\" height=\"240\" srcset=\"https:\/\/www.recoveryjourney.com.au\/wp-content\/uploads\/2024\/07\/TMA-PNG-file-01.png 240w, https:\/\/www.recoveryjourney.com.au\/wp-content\/uploads\/2024\/07\/TMA-PNG-file-01-100x100.png 100w, https:\/\/www.recoveryjourney.com.au\/wp-content\/uploads\/2024\/07\/TMA-PNG-file-01-150x150.png 150w\" sizes=\"auto, (max-width: 240px) 100vw, 240px\" \/><img loading=\"lazy\" decoding=\"async\" class=\"alignnone wp-image-306 size-full\" src=\"https:\/\/www.recoveryjourney.com.au\/wp-content\/uploads\/2024\/07\/vertical-logo-tm.png\" alt=\"\" width=\"400\" height=\"285\" \/><img loading=\"lazy\" decoding=\"async\" class=\"alignnone wp-image-291 size-medium\" src=\"https:\/\/www.recoveryjourney.com.au\/wp-content\/uploads\/2024\/07\/MBECC-Training-Badge-1000x500-2-508x264.png\" alt=\"\" width=\"508\" height=\"264\" srcset=\"https:\/\/www.recoveryjourney.com.au\/wp-content\/uploads\/2024\/07\/MBECC-Training-Badge-1000x500-2-508x264.png 508w, https:\/\/www.recoveryjourney.com.au\/wp-content\/uploads\/2024\/07\/MBECC-Training-Badge-1000x500-2-600x311.png 600w, https:\/\/www.recoveryjourney.com.au\/wp-content\/uploads\/2024\/07\/MBECC-Training-Badge-1000x500-2-900x467.png 900w, https:\/\/www.recoveryjourney.com.au\/wp-content\/uploads\/2024\/07\/MBECC-Training-Badge-1000x500-2-768x399.png 768w, https:\/\/www.recoveryjourney.com.au\/wp-content\/uploads\/2024\/07\/MBECC-Training-Badge-1000x500-2.png 1000w\" sizes=\"auto, (max-width: 508px) 100vw, 508px\" \/><\/p>\n<p>[\/vc_column_text][\/vc_column][\/vc_row]<\/p>\n<\/div>","protected":false},"excerpt":{"rendered":"<p>[vc_row full_width=&#8221;stretch_row&#8221; full_height=&#8221;yes&#8221; bg_type=&#8221;image&#8221; parallax_style=&#8221;vcpb-default&#8221; bg_image_new=&#8221;id^91|url^https:\/\/www.recoveryjourney.com.au\/wp-content\/uploads\/2024\/07\/beach2.jpg|caption^Blur beautiful nature green palm leaf on tropical beach with bokeh sun light wave abstract background.|alt^null|title^Blur,Beautiful,Nature,Green,Palm,Leaf,On,Tropical,Beach,With|description^null&#8221; bg_img_attach=&#8221;fixed&#8221; enable_overlay=&#8221;enable_overlay_value&#8221; overlay_color=&#8221;#8667a5&#8243; el_class=&#8221;whitetext regular-big frontpage-toprow&#8221;][vc_column width=&#8221;2\/3&#8243;][vc_column_text css=&#8221;&#8221;] Rebondir&#8230;<\/p>\n","protected":false},"author":1,"featured_media":386,"parent":0,"menu_order":0,"comment_status":"closed","ping_status":"closed","template":"","meta":{"inline_featured_image":false,"footnotes":""},"class_list":["post-430","page","type-page","status-publish","has-post-thumbnail","hentry"],"yoast_head":"<!-- This site is optimized with the Yoast SEO plugin v26.9 - https:\/\/yoast.com\/product\/yoast-seo-wordpress\/ -->\n<title>Home - Isabelle Sennery Transformational Coaching<\/title>\n<meta name=\"robots\" content=\"index, follow, max-snippet:-1, max-image-preview:large, max-video-preview:-1\" \/>\n<link rel=\"canonical\" href=\"https:\/\/www.recoveryjourney.com.au\/fr\/\" \/>\n<meta property=\"og:locale\" content=\"fr_FR\" \/>\n<meta property=\"og:type\" content=\"article\" \/>\n<meta property=\"og:title\" content=\"Home - Isabelle Sennery Transformational Coaching\" \/>\n<meta property=\"og:description\" content=\"[vc_row full_width=&#8221;stretch_row&#8221; full_height=&#8221;yes&#8221; bg_type=&#8221;image&#8221; parallax_style=&#8221;vcpb-default&#8221; bg_image_new=&#8221;id^91|url^https:\/\/www.recoveryjourney.com.au\/wp-content\/uploads\/2024\/07\/beach2.jpg|caption^Blur beautiful nature green palm leaf on tropical beach with bokeh sun light wave abstract background.|alt^null|title^Blur,Beautiful,Nature,Green,Palm,Leaf,On,Tropical,Beach,With|description^null&#8221; bg_img_attach=&#8221;fixed&#8221; enable_overlay=&#8221;enable_overlay_value&#8221; overlay_color=&#8221;#8667a5&#8243; el_class=&#8221;whitetext regular-big frontpage-toprow&#8221;][vc_column width=&#8221;2\/3&#8243;][vc_column_text css=&#8221;&#8221;] Rebondir...\" \/>\n<meta property=\"og:url\" content=\"https:\/\/www.recoveryjourney.com.au\/fr\/\" \/>\n<meta property=\"og:site_name\" content=\"Isabelle Sennery Transformational Coaching\" \/>\n<meta property=\"article:modified_time\" content=\"2024-10-15T03:02:44+00:00\" \/>\n<meta property=\"og:image\" content=\"https:\/\/www.recoveryjourney.com.au\/wp-content\/uploads\/2024\/07\/cropped-butterfly-2.png\" \/>\n\t<meta property=\"og:image:width\" content=\"512\" \/>\n\t<meta property=\"og:image:height\" content=\"512\" \/>\n\t<meta property=\"og:image:type\" content=\"image\/png\" \/>\n<meta name=\"twitter:card\" content=\"summary_large_image\" \/>\n<meta name=\"twitter:label1\" content=\"Dur\u00e9e de lecture estim\u00e9e\" \/>\n\t<meta name=\"twitter:data1\" content=\"6 minutes\" \/>\n<script type=\"application\/ld+json\" class=\"yoast-schema-graph\">{\"@context\":\"https:\/\/schema.org\",\"@graph\":[{\"@type\":\"WebPage\",\"@id\":\"https:\/\/www.recoveryjourney.com.au\/fr\/\",\"url\":\"https:\/\/www.recoveryjourney.com.au\/fr\/\",\"name\":\"Home - Isabelle Sennery Transformational Coaching\",\"isPartOf\":{\"@id\":\"https:\/\/www.recoveryjourney.com.au\/fr\/#website\"},\"primaryImageOfPage\":{\"@id\":\"https:\/\/www.recoveryjourney.com.au\/fr\/#primaryimage\"},\"image\":{\"@id\":\"https:\/\/www.recoveryjourney.com.au\/fr\/#primaryimage\"},\"thumbnailUrl\":\"https:\/\/www.recoveryjourney.com.au\/wp-content\/uploads\/2024\/07\/cropped-butterfly-2.png\",\"datePublished\":\"2024-07-01T04:03:48+00:00\",\"dateModified\":\"2024-10-15T03:02:44+00:00\",\"breadcrumb\":{\"@id\":\"https:\/\/www.recoveryjourney.com.au\/fr\/#breadcrumb\"},\"inLanguage\":\"fr-FR\",\"potentialAction\":[{\"@type\":\"ReadAction\",\"target\":[\"https:\/\/www.recoveryjourney.com.au\/fr\/\"]}]},{\"@type\":\"ImageObject\",\"inLanguage\":\"fr-FR\",\"@id\":\"https:\/\/www.recoveryjourney.com.au\/fr\/#primaryimage\",\"url\":\"https:\/\/www.recoveryjourney.com.au\/wp-content\/uploads\/2024\/07\/cropped-butterfly-2.png\",\"contentUrl\":\"https:\/\/www.recoveryjourney.com.au\/wp-content\/uploads\/2024\/07\/cropped-butterfly-2.png\",\"width\":512,\"height\":512},{\"@type\":\"BreadcrumbList\",\"@id\":\"https:\/\/www.recoveryjourney.com.au\/fr\/#breadcrumb\",\"itemListElement\":[{\"@type\":\"ListItem\",\"position\":1,\"name\":\"Home\",\"item\":\"https:\/\/www.recoveryjourney.com.au\/fr\/\"},{\"@type\":\"ListItem\",\"position\":2,\"name\":\"Home\"}]},{\"@type\":\"WebSite\",\"@id\":\"https:\/\/www.recoveryjourney.com.au\/fr\/#website\",\"url\":\"https:\/\/www.recoveryjourney.com.au\/fr\/\",\"name\":\"Recovery Journey\",\"description\":\"\",\"publisher\":{\"@id\":\"https:\/\/www.recoveryjourney.com.au\/fr\/#organization\"},\"potentialAction\":[{\"@type\":\"SearchAction\",\"target\":{\"@type\":\"EntryPoint\",\"urlTemplate\":\"https:\/\/www.recoveryjourney.com.au\/fr\/?s={search_term_string}\"},\"query-input\":{\"@type\":\"PropertyValueSpecification\",\"valueRequired\":true,\"valueName\":\"search_term_string\"}}],\"inLanguage\":\"fr-FR\"},{\"@type\":\"Organization\",\"@id\":\"https:\/\/www.recoveryjourney.com.au\/fr\/#organization\",\"name\":\"Recovery Journey\",\"url\":\"https:\/\/www.recoveryjourney.com.au\/fr\/\",\"logo\":{\"@type\":\"ImageObject\",\"inLanguage\":\"fr-FR\",\"@id\":\"https:\/\/www.recoveryjourney.com.au\/fr\/#\/schema\/logo\/image\/\",\"url\":\"https:\/\/www.recoveryjourney.com.au\/wp-content\/uploads\/2024\/07\/isabelle_sennery_700.png\",\"contentUrl\":\"https:\/\/www.recoveryjourney.com.au\/wp-content\/uploads\/2024\/07\/isabelle_sennery_700.png\",\"width\":700,\"height\":103,\"caption\":\"Recovery Journey\"},\"image\":{\"@id\":\"https:\/\/www.recoveryjourney.com.au\/fr\/#\/schema\/logo\/image\/\"}}]}<\/script>\n<!-- \/ Yoast SEO plugin. -->","yoast_head_json":{"title":"Home - Isabelle Sennery Transformational Coaching","robots":{"index":"index","follow":"follow","max-snippet":"max-snippet:-1","max-image-preview":"max-image-preview:large","max-video-preview":"max-video-preview:-1"},"canonical":"https:\/\/www.recoveryjourney.com.au\/fr\/","og_locale":"fr_FR","og_type":"article","og_title":"Home - Isabelle Sennery Transformational Coaching","og_description":"[vc_row full_width=&#8221;stretch_row&#8221; full_height=&#8221;yes&#8221; bg_type=&#8221;image&#8221; parallax_style=&#8221;vcpb-default&#8221; bg_image_new=&#8221;id^91|url^https:\/\/www.recoveryjourney.com.au\/wp-content\/uploads\/2024\/07\/beach2.jpg|caption^Blur beautiful nature green palm leaf on tropical beach with bokeh sun light wave abstract background.|alt^null|title^Blur,Beautiful,Nature,Green,Palm,Leaf,On,Tropical,Beach,With|description^null&#8221; bg_img_attach=&#8221;fixed&#8221; enable_overlay=&#8221;enable_overlay_value&#8221; overlay_color=&#8221;#8667a5&#8243; el_class=&#8221;whitetext regular-big frontpage-toprow&#8221;][vc_column width=&#8221;2\/3&#8243;][vc_column_text css=&#8221;&#8221;] Rebondir...","og_url":"https:\/\/www.recoveryjourney.com.au\/fr\/","og_site_name":"Isabelle Sennery Transformational Coaching","article_modified_time":"2024-10-15T03:02:44+00:00","og_image":[{"width":512,"height":512,"url":"https:\/\/www.recoveryjourney.com.au\/wp-content\/uploads\/2024\/07\/cropped-butterfly-2.png","type":"image\/png"}],"twitter_card":"summary_large_image","twitter_misc":{"Dur\u00e9e de lecture estim\u00e9e":"6 minutes"},"schema":{"@context":"https:\/\/schema.org","@graph":[{"@type":"WebPage","@id":"https:\/\/www.recoveryjourney.com.au\/fr\/","url":"https:\/\/www.recoveryjourney.com.au\/fr\/","name":"Home - Isabelle Sennery Transformational Coaching","isPartOf":{"@id":"https:\/\/www.recoveryjourney.com.au\/fr\/#website"},"primaryImageOfPage":{"@id":"https:\/\/www.recoveryjourney.com.au\/fr\/#primaryimage"},"image":{"@id":"https:\/\/www.recoveryjourney.com.au\/fr\/#primaryimage"},"thumbnailUrl":"https:\/\/www.recoveryjourney.com.au\/wp-content\/uploads\/2024\/07\/cropped-butterfly-2.png","datePublished":"2024-07-01T04:03:48+00:00","dateModified":"2024-10-15T03:02:44+00:00","breadcrumb":{"@id":"https:\/\/www.recoveryjourney.com.au\/fr\/#breadcrumb"},"inLanguage":"fr-FR","potentialAction":[{"@type":"ReadAction","target":["https:\/\/www.recoveryjourney.com.au\/fr\/"]}]},{"@type":"ImageObject","inLanguage":"fr-FR","@id":"https:\/\/www.recoveryjourney.com.au\/fr\/#primaryimage","url":"https:\/\/www.recoveryjourney.com.au\/wp-content\/uploads\/2024\/07\/cropped-butterfly-2.png","contentUrl":"https:\/\/www.recoveryjourney.com.au\/wp-content\/uploads\/2024\/07\/cropped-butterfly-2.png","width":512,"height":512},{"@type":"BreadcrumbList","@id":"https:\/\/www.recoveryjourney.com.au\/fr\/#breadcrumb","itemListElement":[{"@type":"ListItem","position":1,"name":"Home","item":"https:\/\/www.recoveryjourney.com.au\/fr\/"},{"@type":"ListItem","position":2,"name":"Home"}]},{"@type":"WebSite","@id":"https:\/\/www.recoveryjourney.com.au\/fr\/#website","url":"https:\/\/www.recoveryjourney.com.au\/fr\/","name":"Recovery Journey","description":"","publisher":{"@id":"https:\/\/www.recoveryjourney.com.au\/fr\/#organization"},"potentialAction":[{"@type":"SearchAction","target":{"@type":"EntryPoint","urlTemplate":"https:\/\/www.recoveryjourney.com.au\/fr\/?s={search_term_string}"},"query-input":{"@type":"PropertyValueSpecification","valueRequired":true,"valueName":"search_term_string"}}],"inLanguage":"fr-FR"},{"@type":"Organization","@id":"https:\/\/www.recoveryjourney.com.au\/fr\/#organization","name":"Recovery Journey","url":"https:\/\/www.recoveryjourney.com.au\/fr\/","logo":{"@type":"ImageObject","inLanguage":"fr-FR","@id":"https:\/\/www.recoveryjourney.com.au\/fr\/#\/schema\/logo\/image\/","url":"https:\/\/www.recoveryjourney.com.au\/wp-content\/uploads\/2024\/07\/isabelle_sennery_700.png","contentUrl":"https:\/\/www.recoveryjourney.com.au\/wp-content\/uploads\/2024\/07\/isabelle_sennery_700.png","width":700,"height":103,"caption":"Recovery Journey"},"image":{"@id":"https:\/\/www.recoveryjourney.com.au\/fr\/#\/schema\/logo\/image\/"}}]}},"_links":{"self":[{"href":"https:\/\/www.recoveryjourney.com.au\/fr\/wp-json\/wp\/v2\/pages\/430","targetHints":{"allow":["GET"]}}],"collection":[{"href":"https:\/\/www.recoveryjourney.com.au\/fr\/wp-json\/wp\/v2\/pages"}],"about":[{"href":"https:\/\/www.recoveryjourney.com.au\/fr\/wp-json\/wp\/v2\/types\/page"}],"author":[{"embeddable":true,"href":"https:\/\/www.recoveryjourney.com.au\/fr\/wp-json\/wp\/v2\/users\/1"}],"replies":[{"embeddable":true,"href":"https:\/\/www.recoveryjourney.com.au\/fr\/wp-json\/wp\/v2\/comments?post=430"}],"version-history":[{"count":6,"href":"https:\/\/www.recoveryjourney.com.au\/fr\/wp-json\/wp\/v2\/pages\/430\/revisions"}],"predecessor-version":[{"id":482,"href":"https:\/\/www.recoveryjourney.com.au\/fr\/wp-json\/wp\/v2\/pages\/430\/revisions\/482"}],"wp:featuredmedia":[{"embeddable":true,"href":"https:\/\/www.recoveryjourney.com.au\/fr\/wp-json\/wp\/v2\/media\/386"}],"wp:attachment":[{"href":"https:\/\/www.recoveryjourney.com.au\/fr\/wp-json\/wp\/v2\/media?parent=430"}],"curies":[{"name":"wp","href":"https:\/\/api.w.org\/{rel}","templated":true}]}}