{"id":434,"date":"2024-07-17T10:32:31","date_gmt":"2024-07-17T10:32:31","guid":{"rendered":"https:\/\/staging.badv-host.com\/rj\/?page_id=434"},"modified":"2024-10-14T08:09:53","modified_gmt":"2024-10-14T08:09:53","slug":"notre-philosophie","status":"publish","type":"page","link":"https:\/\/www.recoveryjourney.com.au\/fr\/notre-philosophie\/","title":{"rendered":"Notre Philosophie"},"content":{"rendered":"<div class=\"wpb-content-wrapper\"><p>[vc_row full_width=&#8221;stretch_row&#8221; bg_type=&#8221;image&#8221; parallax_style=&#8221;vcpb-default&#8221; bg_image_new=&#8221;id^91|url^https:\/\/www.recoveryjourney.com.au\/wp-content\/uploads\/2024\/07\/beach2.jpg|caption^Blur beautiful nature green palm leaf on tropical beach with bokeh sun light wave abstract background.|alt^null|title^Blur,Beautiful,Nature,Green,Palm,Leaf,On,Tropical,Beach,With|description^null&#8221; bg_img_attach=&#8221;fixed&#8221; enable_overlay=&#8221;enable_overlay_value&#8221; overlay_color=&#8221;#8667a5&#8243; el_class=&#8221;whitetext regular-big frontpage-toprow interior-toprow&#8221;][vc_column width=&#8221;2\/3&#8243;][vc_column_text css=&#8221;&#8221;]<\/p>\n<h1>Notre Philosophie<\/h1>\n<p>[\/vc_column_text][\/vc_column][vc_column width=&#8221;1\/3&#8243;][\/vc_column][\/vc_row][vc_row el_class=&#8221;blacktext regular-big frontpage-aboutrow padding-row interior-row&#8221;][vc_column width=&#8221;1\/6&#8243;][\/vc_column][vc_column width=&#8221;2\/3&#8243;][vc_column_text css_animation=&#8221;fadeIn&#8221; css=&#8221;&#8221;]<\/p>\n<h3>Dans mon travail, la r\u00e9cup\u00e9ration est pr\u00e9cis\u00e9ment un acte de &#8220;retrouvaille de soi&#8221; \u2013 un voyage vers la compl\u00e9tude qui diff\u00e8re de l&#8217;id\u00e9e classique du d\u00e9veloppement personnel.<\/h3>\n<p>Il ne s&#8217;agit pas de r\u00e9parer quelque chose de cass\u00e9, mais plut\u00f4t de r\u00e9cup\u00e9rer les parties de nous-m\u00eames dispers\u00e9es en cours de route. Les d\u00e9fis de la vie peuvent nous faire perdre de vue certaines parties de nous-m\u00eames, ces aspects qui existaient avant que des croyances limitantes et des exp\u00e9riences douloureuses ne viennent assombrir notre perception.<\/p>\n<p>Dans ce contexte, la r\u00e9cup\u00e9ration est un retour \u00e0 une version intacte de nous-m\u00eames, une mentalit\u00e9 libre des fausses id\u00e9es accumul\u00e9es au fil du temps.<\/p>\n<p>Bien que vous soyez guid\u00e9(e) dans ce processus de coaching transformateur, vous restez l&#8217;acteur principal de votre croissance et de votre transformation. C\u2019est en adoptant une approche active que vous pouvez r\u00e9ellement d\u00e9passer les croyances limitantes et vous reconnecter \u00e0 votre essence, en \u00e9voluant vers une version plus int\u00e9gr\u00e9e et renforc\u00e9e de vous-m\u00eame.<br \/>\n[\/vc_column_text][\/vc_column][\/vc_row][vc_row full_width=&#8221;stretch_row&#8221; gap=&#8221;25&#8243; content_placement=&#8221;middle&#8221; bg_type=&#8221;image&#8221; parallax_style=&#8221;vcpb-default&#8221; bg_image_new=&#8221;id^90|url^https:\/\/www.recoveryjourney.com.au\/wp-content\/uploads\/2024\/07\/beach1.jpg|caption^A tropical beach in North Queensland, Australia|alt^null|title^A,Tropical,Beach,In,North,Queensland,,Australia|description^null&#8221; bg_img_attach=&#8221;fixed&#8221; enable_overlay=&#8221;enable_overlay_value&#8221; overlay_color=&#8221;#000000&#8243; el_class=&#8221;whitetext regular-big frontpage-toprow interior-bottomrow padding-row interior-row&#8221;][vc_column width=&#8221;1\/2&#8243;][vc_column_text css_animation=&#8221;fadeIn&#8221; css=&#8221;&#8221;]<\/p>\n<h3>N&#8217;h\u00e9sitez pas \u00e0 me contacter si vous souhaitez explorer comment nous pourrions traverser cette etape ensemble.<\/h3>\n<p>Je vous aiderai a decouvrir une nouvelle version de vous-meme et a trouver les moyens necessaires pour vous epanouir pleinement.[\/vc_column_text][\/vc_column][vc_column width=&#8221;1\/2&#8243;][vc_column_text css_animation=&#8221;fadeIn&#8221; css=&#8221;&#8221; el_class=&#8221;breakout-box&#8221;]Vivant en Australie et compte tenu des diff\u00e9rences de fuseaux horaires, je propose ces sessions en direct par visioconf\u00e9rence (Zoom ou autre outil) faciles \u00e0 int\u00e9grer dans votre emploi du temps.<\/p>\n<p><a class=\"getintouchcta\">Prendre RV<\/a>[\/vc_column_text][\/vc_column][\/vc_row]<\/p>\n<\/div>","protected":false},"excerpt":{"rendered":"<p>[vc_row full_width=&#8221;stretch_row&#8221; bg_type=&#8221;image&#8221; parallax_style=&#8221;vcpb-default&#8221; bg_image_new=&#8221;id^91|url^https:\/\/www.recoveryjourney.com.au\/wp-content\/uploads\/2024\/07\/beach2.jpg|caption^Blur beautiful nature green palm leaf on tropical beach with bokeh sun light wave abstract background.|alt^null|title^Blur,Beautiful,Nature,Green,Palm,Leaf,On,Tropical,Beach,With|description^null&#8221; bg_img_attach=&#8221;fixed&#8221; enable_overlay=&#8221;enable_overlay_value&#8221; overlay_color=&#8221;#8667a5&#8243; el_class=&#8221;whitetext regular-big frontpage-toprow interior-toprow&#8221;][vc_column width=&#8221;2\/3&#8243;][vc_column_text css=&#8221;&#8221;] Notre&#8230;<\/p>\n","protected":false},"author":1,"featured_media":0,"parent":0,"menu_order":0,"comment_status":"closed","ping_status":"closed","template":"","meta":{"inline_featured_image":false,"footnotes":""},"class_list":["post-434","page","type-page","status-publish","hentry"],"yoast_head":"<!-- This site is optimized with the Yoast SEO plugin v26.9 - https:\/\/yoast.com\/product\/yoast-seo-wordpress\/ -->\n<title>Notre Philosophie - Isabelle Sennery Transformational Coaching<\/title>\n<meta name=\"robots\" content=\"index, follow, max-snippet:-1, max-image-preview:large, max-video-preview:-1\" \/>\n<link rel=\"canonical\" href=\"https:\/\/www.recoveryjourney.com.au\/fr\/notre-philosophie\/\" \/>\n<meta property=\"og:locale\" content=\"fr_FR\" \/>\n<meta property=\"og:type\" content=\"article\" \/>\n<meta property=\"og:title\" content=\"Notre Philosophie - Isabelle Sennery Transformational Coaching\" \/>\n<meta property=\"og:description\" content=\"[vc_row full_width=&#8221;stretch_row&#8221; bg_type=&#8221;image&#8221; parallax_style=&#8221;vcpb-default&#8221; bg_image_new=&#8221;id^91|url^https:\/\/www.recoveryjourney.com.au\/wp-content\/uploads\/2024\/07\/beach2.jpg|caption^Blur beautiful nature green palm leaf on tropical beach with bokeh sun light wave abstract background.|alt^null|title^Blur,Beautiful,Nature,Green,Palm,Leaf,On,Tropical,Beach,With|description^null&#8221; bg_img_attach=&#8221;fixed&#8221; enable_overlay=&#8221;enable_overlay_value&#8221; overlay_color=&#8221;#8667a5&#8243; el_class=&#8221;whitetext regular-big frontpage-toprow interior-toprow&#8221;][vc_column width=&#8221;2\/3&#8243;][vc_column_text css=&#8221;&#8221;] Notre...\" \/>\n<meta property=\"og:url\" content=\"https:\/\/www.recoveryjourney.com.au\/fr\/notre-philosophie\/\" \/>\n<meta property=\"og:site_name\" content=\"Isabelle Sennery Transformational Coaching\" \/>\n<meta property=\"article:modified_time\" content=\"2024-10-14T08:09:53+00:00\" \/>\n<meta name=\"twitter:card\" content=\"summary_large_image\" \/>\n<meta name=\"twitter:label1\" content=\"Dur\u00e9e de lecture estim\u00e9e\" \/>\n\t<meta name=\"twitter:data1\" content=\"2 minutes\" \/>\n<script type=\"application\/ld+json\" class=\"yoast-schema-graph\">{\"@context\":\"https:\/\/schema.org\",\"@graph\":[{\"@type\":\"WebPage\",\"@id\":\"https:\/\/www.recoveryjourney.com.au\/fr\/notre-philosophie\/\",\"url\":\"https:\/\/www.recoveryjourney.com.au\/fr\/notre-philosophie\/\",\"name\":\"Notre Philosophie - Isabelle Sennery Transformational Coaching\",\"isPartOf\":{\"@id\":\"https:\/\/www.recoveryjourney.com.au\/fr\/#website\"},\"datePublished\":\"2024-07-17T10:32:31+00:00\",\"dateModified\":\"2024-10-14T08:09:53+00:00\",\"breadcrumb\":{\"@id\":\"https:\/\/www.recoveryjourney.com.au\/fr\/notre-philosophie\/#breadcrumb\"},\"inLanguage\":\"fr-FR\",\"potentialAction\":[{\"@type\":\"ReadAction\",\"target\":[\"https:\/\/www.recoveryjourney.com.au\/fr\/notre-philosophie\/\"]}]},{\"@type\":\"BreadcrumbList\",\"@id\":\"https:\/\/www.recoveryjourney.com.au\/fr\/notre-philosophie\/#breadcrumb\",\"itemListElement\":[{\"@type\":\"ListItem\",\"position\":1,\"name\":\"Home\",\"item\":\"https:\/\/www.recoveryjourney.com.au\/fr\/\"},{\"@type\":\"ListItem\",\"position\":2,\"name\":\"Notre Philosophie\"}]},{\"@type\":\"WebSite\",\"@id\":\"https:\/\/www.recoveryjourney.com.au\/fr\/#website\",\"url\":\"https:\/\/www.recoveryjourney.com.au\/fr\/\",\"name\":\"Recovery Journey\",\"description\":\"\",\"publisher\":{\"@id\":\"https:\/\/www.recoveryjourney.com.au\/fr\/#organization\"},\"potentialAction\":[{\"@type\":\"SearchAction\",\"target\":{\"@type\":\"EntryPoint\",\"urlTemplate\":\"https:\/\/www.recoveryjourney.com.au\/fr\/?s={search_term_string}\"},\"query-input\":{\"@type\":\"PropertyValueSpecification\",\"valueRequired\":true,\"valueName\":\"search_term_string\"}}],\"inLanguage\":\"fr-FR\"},{\"@type\":\"Organization\",\"@id\":\"https:\/\/www.recoveryjourney.com.au\/fr\/#organization\",\"name\":\"Recovery Journey\",\"url\":\"https:\/\/www.recoveryjourney.com.au\/fr\/\",\"logo\":{\"@type\":\"ImageObject\",\"inLanguage\":\"fr-FR\",\"@id\":\"https:\/\/www.recoveryjourney.com.au\/fr\/#\/schema\/logo\/image\/\",\"url\":\"https:\/\/www.recoveryjourney.com.au\/wp-content\/uploads\/2024\/07\/isabelle_sennery_700.png\",\"contentUrl\":\"https:\/\/www.recoveryjourney.com.au\/wp-content\/uploads\/2024\/07\/isabelle_sennery_700.png\",\"width\":700,\"height\":103,\"caption\":\"Recovery Journey\"},\"image\":{\"@id\":\"https:\/\/www.recoveryjourney.com.au\/fr\/#\/schema\/logo\/image\/\"}}]}<\/script>\n<!-- \/ Yoast SEO plugin. -->","yoast_head_json":{"title":"Notre Philosophie - Isabelle Sennery Transformational Coaching","robots":{"index":"index","follow":"follow","max-snippet":"max-snippet:-1","max-image-preview":"max-image-preview:large","max-video-preview":"max-video-preview:-1"},"canonical":"https:\/\/www.recoveryjourney.com.au\/fr\/notre-philosophie\/","og_locale":"fr_FR","og_type":"article","og_title":"Notre Philosophie - Isabelle Sennery Transformational Coaching","og_description":"[vc_row full_width=&#8221;stretch_row&#8221; bg_type=&#8221;image&#8221; parallax_style=&#8221;vcpb-default&#8221; bg_image_new=&#8221;id^91|url^https:\/\/www.recoveryjourney.com.au\/wp-content\/uploads\/2024\/07\/beach2.jpg|caption^Blur beautiful nature green palm leaf on tropical beach with bokeh sun light wave abstract background.|alt^null|title^Blur,Beautiful,Nature,Green,Palm,Leaf,On,Tropical,Beach,With|description^null&#8221; bg_img_attach=&#8221;fixed&#8221; enable_overlay=&#8221;enable_overlay_value&#8221; overlay_color=&#8221;#8667a5&#8243; el_class=&#8221;whitetext regular-big frontpage-toprow interior-toprow&#8221;][vc_column width=&#8221;2\/3&#8243;][vc_column_text css=&#8221;&#8221;] Notre...","og_url":"https:\/\/www.recoveryjourney.com.au\/fr\/notre-philosophie\/","og_site_name":"Isabelle Sennery Transformational Coaching","article_modified_time":"2024-10-14T08:09:53+00:00","twitter_card":"summary_large_image","twitter_misc":{"Dur\u00e9e de lecture estim\u00e9e":"2 minutes"},"schema":{"@context":"https:\/\/schema.org","@graph":[{"@type":"WebPage","@id":"https:\/\/www.recoveryjourney.com.au\/fr\/notre-philosophie\/","url":"https:\/\/www.recoveryjourney.com.au\/fr\/notre-philosophie\/","name":"Notre Philosophie - Isabelle Sennery Transformational Coaching","isPartOf":{"@id":"https:\/\/www.recoveryjourney.com.au\/fr\/#website"},"datePublished":"2024-07-17T10:32:31+00:00","dateModified":"2024-10-14T08:09:53+00:00","breadcrumb":{"@id":"https:\/\/www.recoveryjourney.com.au\/fr\/notre-philosophie\/#breadcrumb"},"inLanguage":"fr-FR","potentialAction":[{"@type":"ReadAction","target":["https:\/\/www.recoveryjourney.com.au\/fr\/notre-philosophie\/"]}]},{"@type":"BreadcrumbList","@id":"https:\/\/www.recoveryjourney.com.au\/fr\/notre-philosophie\/#breadcrumb","itemListElement":[{"@type":"ListItem","position":1,"name":"Home","item":"https:\/\/www.recoveryjourney.com.au\/fr\/"},{"@type":"ListItem","position":2,"name":"Notre Philosophie"}]},{"@type":"WebSite","@id":"https:\/\/www.recoveryjourney.com.au\/fr\/#website","url":"https:\/\/www.recoveryjourney.com.au\/fr\/","name":"Recovery Journey","description":"","publisher":{"@id":"https:\/\/www.recoveryjourney.com.au\/fr\/#organization"},"potentialAction":[{"@type":"SearchAction","target":{"@type":"EntryPoint","urlTemplate":"https:\/\/www.recoveryjourney.com.au\/fr\/?s={search_term_string}"},"query-input":{"@type":"PropertyValueSpecification","valueRequired":true,"valueName":"search_term_string"}}],"inLanguage":"fr-FR"},{"@type":"Organization","@id":"https:\/\/www.recoveryjourney.com.au\/fr\/#organization","name":"Recovery Journey","url":"https:\/\/www.recoveryjourney.com.au\/fr\/","logo":{"@type":"ImageObject","inLanguage":"fr-FR","@id":"https:\/\/www.recoveryjourney.com.au\/fr\/#\/schema\/logo\/image\/","url":"https:\/\/www.recoveryjourney.com.au\/wp-content\/uploads\/2024\/07\/isabelle_sennery_700.png","contentUrl":"https:\/\/www.recoveryjourney.com.au\/wp-content\/uploads\/2024\/07\/isabelle_sennery_700.png","width":700,"height":103,"caption":"Recovery Journey"},"image":{"@id":"https:\/\/www.recoveryjourney.com.au\/fr\/#\/schema\/logo\/image\/"}}]}},"_links":{"self":[{"href":"https:\/\/www.recoveryjourney.com.au\/fr\/wp-json\/wp\/v2\/pages\/434","targetHints":{"allow":["GET"]}}],"collection":[{"href":"https:\/\/www.recoveryjourney.com.au\/fr\/wp-json\/wp\/v2\/pages"}],"about":[{"href":"https:\/\/www.recoveryjourney.com.au\/fr\/wp-json\/wp\/v2\/types\/page"}],"author":[{"embeddable":true,"href":"https:\/\/www.recoveryjourney.com.au\/fr\/wp-json\/wp\/v2\/users\/1"}],"replies":[{"embeddable":true,"href":"https:\/\/www.recoveryjourney.com.au\/fr\/wp-json\/wp\/v2\/comments?post=434"}],"version-history":[{"count":2,"href":"https:\/\/www.recoveryjourney.com.au\/fr\/wp-json\/wp\/v2\/pages\/434\/revisions"}],"predecessor-version":[{"id":460,"href":"https:\/\/www.recoveryjourney.com.au\/fr\/wp-json\/wp\/v2\/pages\/434\/revisions\/460"}],"wp:attachment":[{"href":"https:\/\/www.recoveryjourney.com.au\/fr\/wp-json\/wp\/v2\/media?parent=434"}],"curies":[{"name":"wp","href":"https:\/\/api.w.org\/{rel}","templated":true}]}}