{"id":449,"date":"2024-07-10T04:01:49","date_gmt":"2024-07-10T04:01:49","guid":{"rendered":"https:\/\/staging.badv-host.com\/rj\/?page_id=449"},"modified":"2024-10-23T08:21:47","modified_gmt":"2024-10-23T08:21:47","slug":"coaching-de-retablissement","status":"publish","type":"page","link":"https:\/\/www.recoveryjourney.com.au\/fr\/coaching-de-retablissement\/","title":{"rendered":"Coaching de Retablissement"},"content":{"rendered":"<div class=\"wpb-content-wrapper\"><p>[vc_row full_width=&#8221;stretch_row&#8221; bg_type=&#8221;image&#8221; parallax_style=&#8221;vcpb-default&#8221; bg_image_new=&#8221;id^91|url^https:\/\/www.recoveryjourney.com.au\/wp-content\/uploads\/2024\/07\/beach2.jpg|caption^Blur beautiful nature green palm leaf on tropical beach with bokeh sun light wave abstract background.|alt^null|title^Blur,Beautiful,Nature,Green,Palm,Leaf,On,Tropical,Beach,With|description^null&#8221; bg_img_attach=&#8221;fixed&#8221; enable_overlay=&#8221;enable_overlay_value&#8221; overlay_color=&#8221;#8667a5&#8243; el_class=&#8221;whitetext regular-big frontpage-toprow interior-toprow&#8221;][vc_column width=&#8221;2\/3&#8243;][vc_column_text css=&#8221;&#8221;]<\/p>\n<h1>Reprendre Votre Vie en Main: Le Parcours de R\u00e9cup\u00e9ration.<\/h1>\n<p>[\/vc_column_text][\/vc_column][vc_column width=&#8221;1\/3&#8243;][\/vc_column][\/vc_row][vc_row el_class=&#8221;blacktext regular-big frontpage-aboutrow padding-row interior-row&#8221;][vc_column width=&#8221;1\/6&#8243;][\/vc_column][vc_column width=&#8221;2\/3&#8243;][vc_column_text css_animation=&#8221;fadeIn&#8221; css=&#8221;&#8221;]<\/p>\n<h3>Le coaching de r\u00e9tablissement est une nouvelle forme d\u2019accompagnement qui vient soutenir les personnes atteintes de maladies chroniques: les aider \u00e0 retrouver un \u00e9quilibre de vie, les guider \u00e0 traverser et \u00e0 g\u00e9rer les transformations induites dans leur vie personnelle ou professionnelle par leur pathologie, leur permettre de se r\u00e9investir dans des projets de vie.<\/h3>\n<p>For many, recovery is about reaching optimal personal, social, and emotional well-being. It\u2019s about achieving goals we never thought we\u2019d have the strength or courage to pursue under the dark clouds of ongoing mental health symptoms.<\/p>\n<p>La r\u00e9cuperation et le retablissement peuvent signifier diff\u00e9rentes choses selon les personnes. Pour beaucoup, il s&#8217;agit d&#8217;atteindre un bien-\u00eatre personnel, social et \u00e9motionnel optimal. C\u2019est r\u00e9ussir \u00e0 accomplir des objectifs que nous n&#8217;aurions jamais pens\u00e9 avoir la force ou le courage de poursuivre, malgr\u00e9 les epreuves de sante.<\/p>\n<p>Pour d&#8217;autres, la retablissement consiste \u00e0 cr\u00e9er des relations et des comp\u00e9tences qui soutiennent une vie positive, en retrouvant du sens dans les activit\u00e9s du quotidien. Pour certains, c&#8217;est aussi l\u2019occasion de ramener de la l\u00e9g\u00e8ret\u00e9, des rires et de la joie dans leur vie.<br \/>\n[\/vc_column_text][\/vc_column][\/vc_row][vc_row full_width=&#8221;stretch_row&#8221; equal_height=&#8221;yes&#8221; css_animation=&#8221;fadeIn&#8221; bg_type=&#8221;bg_color&#8221; el_class=&#8221;frontpage-service-row regular-big stretch-row-no-pad interior-row blacktext&#8221; bg_color_value=&#8221;rgba(134,101,166,0.1)&#8221;][vc_column width=&#8221;1\/2&#8243;][vc_column_text css_animation=&#8221;fadeIn&#8221; css=&#8221;&#8221;]<\/p>\n<h3>Mais au fond, le retablissement, c\u2019est ce moment o\u00f9 les nuages sombres laissent place aux arcs-en-ciel.<\/h3>\n<p>Il ne s&#8217;agit pas de r\u00e9parer, mais de retrouver les parties de nous-m\u00eames \u00e9gar\u00e9es en chemin. Imaginez cela comme une mission pour r\u00e9cup\u00e9rer la &#8220;bo\u00eete noire&#8221; de votre vie \u2013 ces \u00e9l\u00e9ments essentiels qui r\u00e9v\u00e8lent qui vous \u00eates vraiment et comment avancer.<\/p>\n<p>La maladie apportent des bouleversements inattendus qui peuvent nous faire perdre de vue certaines parties de nous-m\u00eames. Ces aspects existaient avant que des croyances limitantes et des exp\u00e9riences douloureuses ne viennent troubler notre perception. Dans ce contexte, le retablissement est un retour \u00e0 une version authentique de soi, lib\u00e9r\u00e9e des fausses croyances accumul\u00e9es au fil des epreuves.<\/p>\n<p>Retrouver son soi profond ne consiste pas \u00e0 effacer ces experiences, mais \u00e0 s&#8217;en servir comme un guide pour \u00e9voluer vers une version plus confiante et align\u00e9e de soi-m\u00eame.[\/vc_column_text][\/vc_column][vc_column width=&#8221;1\/2&#8243; el_class=&#8221;sweep-right&#8221; css=&#8221;.vc_custom_1720675915348{background-image: url(https:\/\/www.recoveryjourney.com.au\/wp-content\/uploads\/2024\/07\/shutterstock_1614362578_PRC.jpg?id=236) !important;background-position: center !important;background-repeat: no-repeat !important;background-size: cover !important;}&#8221;][\/vc_column][\/vc_row][vc_row el_class=&#8221;blacktext regular-big frontpage-aboutrow padding-row interior-row&#8221; css=&#8221;.vc_custom_1728782523496{margin-bottom: 0px !important;border-bottom-width: 0px !important;padding-bottom: 0px !important;}&#8221;][vc_column width=&#8221;1\/6&#8243;][\/vc_column][vc_column width=&#8221;2\/3&#8243;][vc_column_text css_animation=&#8221;fadeIn&#8221; css=&#8221;&#8221;]<\/p>\n<h3>Les Essentiels du retablissement : Espoir, Responsabilit\u00e9 et Soutien<\/h3>\n<p>[\/vc_column_text][\/vc_column][\/vc_row][vc_row gap=&#8221;30&#8243; el_class=&#8221;blacktext regular-big frontpage-aboutrow padding-row interior-row center-border&#8221;][vc_column width=&#8221;1\/2&#8243;][vc_column_text css_animation=&#8221;fadeIn&#8221; css=&#8221;&#8221;]<strong>Pendant votre parcours de coaching, nous explorerons ensemble les notions cl\u00e9s du retablissement:<\/strong><\/p>\n<ul>\n<li>Espoir: Trouver des raisons d\u2019y croire, m\u00eame dans les moments difficiles.<\/li>\n<li>Responsabilit\u00e9 personnelle: Assumer un r\u00f4le actif dans votre transformation.<\/li>\n<li>\u00c9ducation: Comprendre vos d\u00e9fis et les solutions disponibles.<\/li>\n<li>Auto-d\u00e9fense: Exprimer vos besoins et faire valoir vos droits.<\/li>\n<li>Soutien: Compter sur les bonnes ressources \u2013 famille, amis, communaut\u00e9 ou professionnels.<\/li>\n<\/ul>\n<p>[\/vc_column_text][\/vc_column][vc_column width=&#8221;1\/2&#8243;][vc_column_text css_animation=&#8221;fadeIn&#8221; css=&#8221;&#8221;]<strong>Nous travaillerons ensemble pour :<\/strong><\/p>\n<ul>\n<li>Explorer des outils et des activit\u00e9s de bien-\u00eatre afin d\u2019am\u00e9liorer votre qualit\u00e9 de vie.<\/li>\n<li>Identifier vos valeurs et vos forces, pour les utiliser comme points d\u2019ancrage.<\/li>\n<li>Cr\u00e9er une vision d\u2019un avenir riche en opportunit\u00e9s, align\u00e9 sur vos aspirations.<\/li>\n<\/ul>\n<p>[\/vc_column_text][\/vc_column][\/vc_row][vc_row el_class=&#8221;blacktext regular-big frontpage-aboutrow padding-row interior-row&#8221;][vc_column width=&#8221;1\/6&#8243;][\/vc_column][vc_column width=&#8221;2\/3&#8243;][vc_column_text css_animation=&#8221;fadeIn&#8221; css=&#8221;&#8221;]<\/p>\n<h3>Avancer \u00e0 Votre Rythme<\/h3>\n<p>Chaque parcours est unique, et vous \u00eates au centre de votre transformation. Mon r\u00f4le est de vous accompagner \u00e0 chaque \u00e9tape du chemin et de vous aider \u00e0 retrouver les parties de vous-m\u00eame perdues dans le tumulte de la vie. Ce processus de reconnexion vous permet de d\u00e9passer les croyances limitantes et de renouer avec une version plus r\u00e9siliente et align\u00e9e de vous-m\u00eame.<\/p>\n<p>Si vous \u00eates francais resident en Australie et b\u00e9n\u00e9ficiaire du NDIS, je peux \u00e9changer avec votre gestionnaire de plan ou votre coordinateur pour organiser des s\u00e9ances de coaching adapt\u00e9es \u00e0 vos besoins. Ensemble, nous \u00e9laborerons un plan qui soutient votre bien-\u00eatre et favorise votre \u00e9volution \u00e0 votre propre rythme.<br \/>\n[\/vc_column_text][\/vc_column][\/vc_row][vc_row full_width=&#8221;stretch_row&#8221; gap=&#8221;25&#8243; content_placement=&#8221;middle&#8221; bg_type=&#8221;image&#8221; parallax_style=&#8221;vcpb-default&#8221; bg_image_new=&#8221;id^90|url^https:\/\/www.recoveryjourney.com.au\/wp-content\/uploads\/2024\/07\/beach1.jpg|caption^A tropical beach in North Queensland, Australia|alt^null|title^A,Tropical,Beach,In,North,Queensland,,Australia|description^null&#8221; bg_img_attach=&#8221;fixed&#8221; enable_overlay=&#8221;enable_overlay_value&#8221; overlay_color=&#8221;#000000&#8243; el_class=&#8221;whitetext regular-big frontpage-toprow interior-bottomrow padding-row interior-row&#8221;][vc_column width=&#8221;1\/2&#8243;][vc_column_text css_animation=&#8221;fadeIn&#8221; css=&#8221;&#8221;]<\/p>\n<h3>Retrouver l&#8217;equilibre interieur<\/h3>\n<p>Le r\u00e9tablissement est un voyage puissant vers la compl\u00e9tude. Il vous invite \u00e0 rassembler les fragments de vous-m\u00eame dispers\u00e9s au fil des \u00e9preuves et \u00e0 vous reconnecter \u00e0 une version plus libre et authentique de vous-m\u00eame. Quoi que le retablissement signifie pour vous \u2013 accomplir des objectifs personnels, retrouver du sens dans votre quotidien ou simplement ramener de la joie et de la l\u00e9g\u00e8ret\u00e9 \u2013 ce voyage est \u00e0 votre port\u00e9e.<\/p>\n<p>Il n\u2019y a rien de plus gratifiant que ces moments de &#8220;d\u00e9clic&#8221;, lorsque vous d\u00e9couvrez en vous une force insoup\u00e7onn\u00e9e et reconnectez avec vos ressources int\u00e9rieures.<\/p>\n<p>Si vous ressentez le besoin d\u2019emprunter ce chemin, n\u2019h\u00e9sitez pas \u00e0 me contacter. Un regard ext\u00e9rieur, neutre et sans jugement, peut souvent vous aider \u00e0 d\u00e9couvrir des possibilit\u00e9s que vous n\u2019aviez pas encore explor\u00e9es. Ensemble, nous avancerons vers une nouvelle version de vous-m\u00eame et cr\u00e9erons un avenir align\u00e9 avec vos aspirations[\/vc_column_text][\/vc_column][vc_column width=&#8221;1\/2&#8243;][vc_column_text css_animation=&#8221;fadeIn&#8221; css=&#8221;&#8221; el_class=&#8221;breakout-box&#8221;]Contactez-moi si vous souhaitez explorer cette forme de coaching et d\u2019accompagnement sur mesure. Vivant en Australie et compte tenu des diff\u00e9rences de fuseaux horaires, je propose ces sessions en direct par visioconf\u00e9rence (Zoom ou autre outil), a des heures faciles \u00e0 int\u00e9grer dans votre emploi du temps<\/p>\n<p><a class=\"getintouchcta\">Prendre RDV<\/a>[\/vc_column_text][\/vc_column][\/vc_row]<\/p>\n<\/div>","protected":false},"excerpt":{"rendered":"<p>[vc_row full_width=&#8221;stretch_row&#8221; bg_type=&#8221;image&#8221; parallax_style=&#8221;vcpb-default&#8221; bg_image_new=&#8221;id^91|url^https:\/\/www.recoveryjourney.com.au\/wp-content\/uploads\/2024\/07\/beach2.jpg|caption^Blur beautiful nature green palm leaf on tropical beach with bokeh sun light wave abstract background.|alt^null|title^Blur,Beautiful,Nature,Green,Palm,Leaf,On,Tropical,Beach,With|description^null&#8221; bg_img_attach=&#8221;fixed&#8221; enable_overlay=&#8221;enable_overlay_value&#8221; overlay_color=&#8221;#8667a5&#8243; el_class=&#8221;whitetext regular-big frontpage-toprow interior-toprow&#8221;][vc_column width=&#8221;2\/3&#8243;][vc_column_text css=&#8221;&#8221;] Reprendre&#8230;<\/p>\n","protected":false},"author":1,"featured_media":0,"parent":0,"menu_order":0,"comment_status":"closed","ping_status":"closed","template":"","meta":{"inline_featured_image":false,"footnotes":""},"class_list":["post-449","page","type-page","status-publish","hentry"],"yoast_head":"<!-- This site is optimized with the Yoast SEO plugin v26.9 - https:\/\/yoast.com\/product\/yoast-seo-wordpress\/ -->\n<title>Coaching de Retablissement - Isabelle Sennery Transformational Coaching<\/title>\n<meta name=\"robots\" content=\"index, follow, max-snippet:-1, max-image-preview:large, max-video-preview:-1\" \/>\n<link rel=\"canonical\" href=\"https:\/\/www.recoveryjourney.com.au\/fr\/coaching-de-retablissement\/\" \/>\n<meta property=\"og:locale\" content=\"fr_FR\" \/>\n<meta property=\"og:type\" content=\"article\" \/>\n<meta property=\"og:title\" content=\"Coaching de Retablissement - Isabelle Sennery Transformational Coaching\" \/>\n<meta property=\"og:description\" content=\"[vc_row full_width=&#8221;stretch_row&#8221; bg_type=&#8221;image&#8221; parallax_style=&#8221;vcpb-default&#8221; bg_image_new=&#8221;id^91|url^https:\/\/www.recoveryjourney.com.au\/wp-content\/uploads\/2024\/07\/beach2.jpg|caption^Blur beautiful nature green palm leaf on tropical beach with bokeh sun light wave abstract background.|alt^null|title^Blur,Beautiful,Nature,Green,Palm,Leaf,On,Tropical,Beach,With|description^null&#8221; bg_img_attach=&#8221;fixed&#8221; enable_overlay=&#8221;enable_overlay_value&#8221; overlay_color=&#8221;#8667a5&#8243; el_class=&#8221;whitetext regular-big frontpage-toprow interior-toprow&#8221;][vc_column width=&#8221;2\/3&#8243;][vc_column_text css=&#8221;&#8221;] Reprendre...\" \/>\n<meta property=\"og:url\" content=\"https:\/\/www.recoveryjourney.com.au\/fr\/coaching-de-retablissement\/\" \/>\n<meta property=\"og:site_name\" content=\"Isabelle Sennery Transformational Coaching\" \/>\n<meta property=\"article:modified_time\" content=\"2024-10-23T08:21:47+00:00\" \/>\n<meta name=\"twitter:card\" content=\"summary_large_image\" \/>\n<meta name=\"twitter:label1\" content=\"Dur\u00e9e de lecture estim\u00e9e\" \/>\n\t<meta name=\"twitter:data1\" content=\"4 minutes\" \/>\n<script type=\"application\/ld+json\" class=\"yoast-schema-graph\">{\"@context\":\"https:\/\/schema.org\",\"@graph\":[{\"@type\":\"WebPage\",\"@id\":\"https:\/\/www.recoveryjourney.com.au\/fr\/coaching-de-retablissement\/\",\"url\":\"https:\/\/www.recoveryjourney.com.au\/fr\/coaching-de-retablissement\/\",\"name\":\"Coaching de Retablissement - Isabelle Sennery Transformational Coaching\",\"isPartOf\":{\"@id\":\"https:\/\/www.recoveryjourney.com.au\/fr\/#website\"},\"datePublished\":\"2024-07-10T04:01:49+00:00\",\"dateModified\":\"2024-10-23T08:21:47+00:00\",\"breadcrumb\":{\"@id\":\"https:\/\/www.recoveryjourney.com.au\/fr\/coaching-de-retablissement\/#breadcrumb\"},\"inLanguage\":\"fr-FR\",\"potentialAction\":[{\"@type\":\"ReadAction\",\"target\":[\"https:\/\/www.recoveryjourney.com.au\/fr\/coaching-de-retablissement\/\"]}]},{\"@type\":\"BreadcrumbList\",\"@id\":\"https:\/\/www.recoveryjourney.com.au\/fr\/coaching-de-retablissement\/#breadcrumb\",\"itemListElement\":[{\"@type\":\"ListItem\",\"position\":1,\"name\":\"Home\",\"item\":\"https:\/\/www.recoveryjourney.com.au\/fr\/\"},{\"@type\":\"ListItem\",\"position\":2,\"name\":\"Coaching de Retablissement\"}]},{\"@type\":\"WebSite\",\"@id\":\"https:\/\/www.recoveryjourney.com.au\/fr\/#website\",\"url\":\"https:\/\/www.recoveryjourney.com.au\/fr\/\",\"name\":\"Recovery Journey\",\"description\":\"\",\"publisher\":{\"@id\":\"https:\/\/www.recoveryjourney.com.au\/fr\/#organization\"},\"potentialAction\":[{\"@type\":\"SearchAction\",\"target\":{\"@type\":\"EntryPoint\",\"urlTemplate\":\"https:\/\/www.recoveryjourney.com.au\/fr\/?s={search_term_string}\"},\"query-input\":{\"@type\":\"PropertyValueSpecification\",\"valueRequired\":true,\"valueName\":\"search_term_string\"}}],\"inLanguage\":\"fr-FR\"},{\"@type\":\"Organization\",\"@id\":\"https:\/\/www.recoveryjourney.com.au\/fr\/#organization\",\"name\":\"Recovery Journey\",\"url\":\"https:\/\/www.recoveryjourney.com.au\/fr\/\",\"logo\":{\"@type\":\"ImageObject\",\"inLanguage\":\"fr-FR\",\"@id\":\"https:\/\/www.recoveryjourney.com.au\/fr\/#\/schema\/logo\/image\/\",\"url\":\"https:\/\/www.recoveryjourney.com.au\/wp-content\/uploads\/2024\/07\/isabelle_sennery_700.png\",\"contentUrl\":\"https:\/\/www.recoveryjourney.com.au\/wp-content\/uploads\/2024\/07\/isabelle_sennery_700.png\",\"width\":700,\"height\":103,\"caption\":\"Recovery Journey\"},\"image\":{\"@id\":\"https:\/\/www.recoveryjourney.com.au\/fr\/#\/schema\/logo\/image\/\"}}]}<\/script>\n<!-- \/ Yoast SEO plugin. -->","yoast_head_json":{"title":"Coaching de Retablissement - Isabelle Sennery Transformational Coaching","robots":{"index":"index","follow":"follow","max-snippet":"max-snippet:-1","max-image-preview":"max-image-preview:large","max-video-preview":"max-video-preview:-1"},"canonical":"https:\/\/www.recoveryjourney.com.au\/fr\/coaching-de-retablissement\/","og_locale":"fr_FR","og_type":"article","og_title":"Coaching de Retablissement - Isabelle Sennery Transformational Coaching","og_description":"[vc_row full_width=&#8221;stretch_row&#8221; bg_type=&#8221;image&#8221; parallax_style=&#8221;vcpb-default&#8221; bg_image_new=&#8221;id^91|url^https:\/\/www.recoveryjourney.com.au\/wp-content\/uploads\/2024\/07\/beach2.jpg|caption^Blur beautiful nature green palm leaf on tropical beach with bokeh sun light wave abstract background.|alt^null|title^Blur,Beautiful,Nature,Green,Palm,Leaf,On,Tropical,Beach,With|description^null&#8221; bg_img_attach=&#8221;fixed&#8221; enable_overlay=&#8221;enable_overlay_value&#8221; overlay_color=&#8221;#8667a5&#8243; el_class=&#8221;whitetext regular-big frontpage-toprow interior-toprow&#8221;][vc_column width=&#8221;2\/3&#8243;][vc_column_text css=&#8221;&#8221;] Reprendre...","og_url":"https:\/\/www.recoveryjourney.com.au\/fr\/coaching-de-retablissement\/","og_site_name":"Isabelle Sennery Transformational Coaching","article_modified_time":"2024-10-23T08:21:47+00:00","twitter_card":"summary_large_image","twitter_misc":{"Dur\u00e9e de lecture estim\u00e9e":"4 minutes"},"schema":{"@context":"https:\/\/schema.org","@graph":[{"@type":"WebPage","@id":"https:\/\/www.recoveryjourney.com.au\/fr\/coaching-de-retablissement\/","url":"https:\/\/www.recoveryjourney.com.au\/fr\/coaching-de-retablissement\/","name":"Coaching de Retablissement - Isabelle Sennery Transformational Coaching","isPartOf":{"@id":"https:\/\/www.recoveryjourney.com.au\/fr\/#website"},"datePublished":"2024-07-10T04:01:49+00:00","dateModified":"2024-10-23T08:21:47+00:00","breadcrumb":{"@id":"https:\/\/www.recoveryjourney.com.au\/fr\/coaching-de-retablissement\/#breadcrumb"},"inLanguage":"fr-FR","potentialAction":[{"@type":"ReadAction","target":["https:\/\/www.recoveryjourney.com.au\/fr\/coaching-de-retablissement\/"]}]},{"@type":"BreadcrumbList","@id":"https:\/\/www.recoveryjourney.com.au\/fr\/coaching-de-retablissement\/#breadcrumb","itemListElement":[{"@type":"ListItem","position":1,"name":"Home","item":"https:\/\/www.recoveryjourney.com.au\/fr\/"},{"@type":"ListItem","position":2,"name":"Coaching de Retablissement"}]},{"@type":"WebSite","@id":"https:\/\/www.recoveryjourney.com.au\/fr\/#website","url":"https:\/\/www.recoveryjourney.com.au\/fr\/","name":"Recovery Journey","description":"","publisher":{"@id":"https:\/\/www.recoveryjourney.com.au\/fr\/#organization"},"potentialAction":[{"@type":"SearchAction","target":{"@type":"EntryPoint","urlTemplate":"https:\/\/www.recoveryjourney.com.au\/fr\/?s={search_term_string}"},"query-input":{"@type":"PropertyValueSpecification","valueRequired":true,"valueName":"search_term_string"}}],"inLanguage":"fr-FR"},{"@type":"Organization","@id":"https:\/\/www.recoveryjourney.com.au\/fr\/#organization","name":"Recovery Journey","url":"https:\/\/www.recoveryjourney.com.au\/fr\/","logo":{"@type":"ImageObject","inLanguage":"fr-FR","@id":"https:\/\/www.recoveryjourney.com.au\/fr\/#\/schema\/logo\/image\/","url":"https:\/\/www.recoveryjourney.com.au\/wp-content\/uploads\/2024\/07\/isabelle_sennery_700.png","contentUrl":"https:\/\/www.recoveryjourney.com.au\/wp-content\/uploads\/2024\/07\/isabelle_sennery_700.png","width":700,"height":103,"caption":"Recovery Journey"},"image":{"@id":"https:\/\/www.recoveryjourney.com.au\/fr\/#\/schema\/logo\/image\/"}}]}},"_links":{"self":[{"href":"https:\/\/www.recoveryjourney.com.au\/fr\/wp-json\/wp\/v2\/pages\/449","targetHints":{"allow":["GET"]}}],"collection":[{"href":"https:\/\/www.recoveryjourney.com.au\/fr\/wp-json\/wp\/v2\/pages"}],"about":[{"href":"https:\/\/www.recoveryjourney.com.au\/fr\/wp-json\/wp\/v2\/types\/page"}],"author":[{"embeddable":true,"href":"https:\/\/www.recoveryjourney.com.au\/fr\/wp-json\/wp\/v2\/users\/1"}],"replies":[{"embeddable":true,"href":"https:\/\/www.recoveryjourney.com.au\/fr\/wp-json\/wp\/v2\/comments?post=449"}],"version-history":[{"count":4,"href":"https:\/\/www.recoveryjourney.com.au\/fr\/wp-json\/wp\/v2\/pages\/449\/revisions"}],"predecessor-version":[{"id":486,"href":"https:\/\/www.recoveryjourney.com.au\/fr\/wp-json\/wp\/v2\/pages\/449\/revisions\/486"}],"wp:attachment":[{"href":"https:\/\/www.recoveryjourney.com.au\/fr\/wp-json\/wp\/v2\/media?parent=449"}],"curies":[{"name":"wp","href":"https:\/\/api.w.org\/{rel}","templated":true}]}}